{"id":15708,"date":"2025-05-01T22:59:16","date_gmt":"2025-05-01T19:59:16","guid":{"rendered":"https:\/\/hayaloglumobilya.com\/wordpress\/?post_type=product&#038;p=15708"},"modified":"2026-03-31T13:24:14","modified_gmt":"2026-03-31T10:24:14","slug":"bohem-genc-odasi-takimi","status":"publish","type":"product","link":"https:\/\/hayaloglumobilya.com\/index.php\/urun\/bohem-genc-odasi-takimi\/","title":{"rendered":"BOHEM GEN\u00c7 ODASI TAKIMI"},"content":{"rendered":"<div class=\"elementor-element elementor-element-6b14eb8 elementor-widget elementor-widget-wd_text_block\" data-id=\"6b14eb8\" data-element_type=\"widget\" data-widget_type=\"wd_text_block.default\">\n<div class=\"elementor-widget-container\">\n<div class=\"wd-text-block reset-last-child text-left\">\n<p>\u00dcr\u00fcn \u00d6zellikleri<\/p>\n<\/div>\n<\/div>\n<\/div>\n<div class=\"elementor-element elementor-element-334e79f elementor-widget elementor-widget-wd_text_block\" data-id=\"334e79f\" data-element_type=\"widget\" data-widget_type=\"wd_text_block.default\">\n<div class=\"elementor-widget-container\">\n<div class=\"wd-text-block reset-last-child text-left\">\n<ul>\n<li>BOHEM GEN\u00c7 ODASI TAKIMI<\/li>\n<li>\u00dcR\u00dcN\u00dcN M\u00dc\u015eTER\u0130 EV\u0130 G\u00d6RSELLER\u0130NE WHATSAPP HATTIMIZDAN ULA\u015eAB\u0130L\u0130RS\u0130N\u0130Z<\/li>\n<\/ul>\n<\/div>\n<\/div>\n<\/div>\n","protected":false},"excerpt":{"rendered":"<table class=\"table table-bordered\">\n<tbody>\n<tr>\n<td><b>TEKN\u0130K \u00d6ZELL\u0130KLER<\/b><\/td>\n<\/tr>\n<\/tbody>\n<\/table>\n<table class=\"table table-bordered\">\n<tbody>\n<tr>\n<td><b>TAKIM \u0130\u00c7ER\u0130\u011e\u0130<\/b><\/td>\n<td>Bir gard\u0131rop, bir \u00e7ama\u015f\u0131rl\u0131k, bir \u00e7al\u0131\u015fma masas\u0131, bir somyal\u0131 karyola, bir komodinden olu\u015fmaktad\u0131r.<\/td>\n<\/tr>\n<tr>\n<td><b>\u00dcR\u00dcN MALZEMES\u0130<\/b><\/td>\n<td>%100 MDF<\/td>\n<\/tr>\n<tr>\n<td><b>YATAK \u00d6L\u00c7\u00dcLER\u0130<\/b><\/td>\n<td>90*190<\/td>\n<\/tr>\n<tr>\n<td><b>BA\u015eLIK RENK SE\u00c7ENE\u011e\u0130<\/b><\/td>\n<td>Ba\u015fl\u0131k rengi sabittir<\/td>\n<\/tr>\n<tr>\n<td><b>FONKS\u0130YON \u00d6ZELL\u0130\u011e\u0130<\/b><\/td>\n<td>Dolap 4 kapakl\u0131d\u0131r.<\/td>\n<\/tr>\n<tr>\n<td><b>\u00dcR\u00dcN EKLEME<\/b><\/td>\n<td>Yatak opsiyoneldir.<\/td>\n<\/tr>\n<tr>\n<td><b>\u00d6ZEL \u00d6L\u00c7\u00dc<\/b><\/td>\n<td>Sabit \u00f6l\u00e7\u00fcd\u00fcr de\u011fi\u015fmez.<\/td>\n<\/tr>\n<tr>\n<td><b>GARANT\u0130 S\u00dcRES\u0130<\/b><\/td>\n<td>2 y\u0131l \u00fcretici garantilidir.<\/td>\n<\/tr>\n<\/tbody>\n<\/table>\n<table class=\"table table-bordered\">\n<tbody>\n<tr>\n<td><strong><b>\u00dcR\u00dcN \u00d6L\u00c7\u00dcLER\u0130<\/b><\/strong><\/td>\n<\/tr>\n<\/tbody>\n<\/table>\n<table cellspacing=\"0\" cellpadding=\"0\">\n<tbody>\n<tr>\n<td valign=\"top\"><strong>MOD\u00dcL<\/strong><\/td>\n<td valign=\"top\"><strong>GEN\u0130\u015eL\u0130K<\/strong><\/td>\n<td valign=\"top\"><strong>Y\u00dcKSEKL\u0130K<\/strong><\/td>\n<td valign=\"top\"><strong>DER\u0130NL\u0130K<\/strong><\/td>\n<\/tr>\n<tr>\n<td valign=\"top\"><strong>DOLAP<\/strong><\/td>\n<td valign=\"top\">170 cm<\/td>\n<td valign=\"top\">209 cm<\/td>\n<td valign=\"top\">59 cm<\/td>\n<\/tr>\n<tr>\n<td valign=\"top\"><strong>\u00c7AMA\u015eIRLIK<\/strong><\/td>\n<td valign=\"top\">61 cm<\/td>\n<td valign=\"top\">92 cm<\/td>\n<td valign=\"top\">46 cm<\/td>\n<\/tr>\n<tr>\n<td valign=\"top\"><strong>KARYOLA<\/strong><\/td>\n<td valign=\"top\">106 cm<\/td>\n<td valign=\"top\">115 cm<\/td>\n<td valign=\"top\">100\/200cm<\/td>\n<\/tr>\n<tr>\n<td valign=\"top\"><strong>\u00c7ALI\u015eMA MASASI<\/strong><\/td>\n<td valign=\"top\">120 cm<\/td>\n<td valign=\"top\">82 cm<\/td>\n<td valign=\"top\">120 cm<\/td>\n<\/tr>\n<tr>\n<td valign=\"top\"><strong>KOMOD\u0130N<\/strong><\/td>\n<td valign=\"top\">61 cm<\/td>\n<td valign=\"top\">47 cm<\/td>\n<td valign=\"top\">45 cm<\/td>\n<\/tr>\n<\/tbody>\n<\/table>\n<table class=\"table table-bordered\">\n<tbody>\n<tr>\n<td><b>NAKL\u0130YE VE TESL\u0130MAT B\u0130LG\u0130LER\u0130<\/b><\/td>\n<\/tr>\n<\/tbody>\n<\/table>\n<table class=\"table table-bordered\">\n<tbody>\n<tr>\n<td><b>NAKL\u0130YE \u00dcCRETLER\u0130<\/b><\/td>\n<td>Nakliye ve kurulum \u00fccretleri i\u00e7in ileti\u015fime ge\u00e7iniz.<\/td>\n<\/tr>\n<tr>\n<td><b>TESL\u0130MAT TAR\u0130H\u0130<\/b><\/td>\n<td>Sipari\u015f verildikten itibaren 25 g\u00fcnd\u00fcr.<\/td>\n<\/tr>\n<\/tbody>\n<\/table>\n","protected":false},"featured_media":15709,"comment_status":"open","ping_status":"closed","template":"","meta":[],"product_brand":[103],"product_cat":[81],"product_tag":[],"class_list":{"0":"post-15708","1":"product","2":"type-product","3":"status-publish","4":"has-post-thumbnail","6":"product_brand-tokgozler-mobilya","7":"product_cat-genc-odasi","9":"first","10":"instock","11":"shipping-taxable","12":"purchasable","13":"product-type-simple"},"yoast_head":"<!-- This site is optimized with the Yoast SEO plugin v25.0 - https:\/\/yoast.com\/wordpress\/plugins\/seo\/ -->\n<title>BOHEM GEN\u00c7 ODASI TAKIMI - Hayalo\u011flu Mobilya<\/title>\n<meta name=\"robots\" content=\"index, follow, max-snippet:-1, max-image-preview:large, max-video-preview:-1\" \/>\n<link rel=\"canonical\" href=\"https:\/\/hayaloglumobilya.com\/index.php\/urun\/bohem-genc-odasi-takimi\/\" \/>\n<meta property=\"og:locale\" content=\"tr_TR\" \/>\n<meta property=\"og:type\" content=\"article\" \/>\n<meta property=\"og:title\" content=\"BOHEM GEN\u00c7 ODASI TAKIMI - Hayalo\u011flu Mobilya\" \/>\n<meta property=\"og:description\" content=\"TEKN\u0130K \u00d6ZELL\u0130KLER       TAKIM \u0130\u00c7ER\u0130\u011e\u0130 Bir gard\u0131rop, bir \u00e7ama\u015f\u0131rl\u0131k, bir \u00e7al\u0131\u015fma masas\u0131, bir somyal\u0131 karyola, bir komodinden olu\u015fmaktad\u0131r.   \u00dcR\u00dcN MALZEMES\u0130 %100 MDF   YATAK \u00d6L\u00c7\u00dcLER\u0130 90*190   BA\u015eLIK RENK SE\u00c7ENE\u011e\u0130 Ba\u015fl\u0131k rengi sabittir   FONKS\u0130YON \u00d6ZELL\u0130\u011e\u0130 Dolap 4 kapakl\u0131d\u0131r.   \u00dcR\u00dcN EKLEME Yatak opsiyoneldir.   \u00d6ZEL \u00d6L\u00c7\u00dc Sabit \u00f6l\u00e7\u00fcd\u00fcr de\u011fi\u015fmez.   GARANT\u0130 S\u00dcRES\u0130 2 y\u0131l \u00fcretici garantilidir.       \u00dcR\u00dcN \u00d6L\u00c7\u00dcLER\u0130       MOD\u00dcL GEN\u0130\u015eL\u0130K Y\u00dcKSEKL\u0130K DER\u0130NL\u0130K   DOLAP 170 cm 209 cm 59 cm   \u00c7AMA\u015eIRLIK 61 cm 92 cm 46 cm   KARYOLA 106 cm 115 cm 100\/200cm   \u00c7ALI\u015eMA MASASI 120 cm 82 cm 120 cm   KOMOD\u0130N 61 cm 47 cm 45 cm       NAKL\u0130YE VE TESL\u0130MAT B\u0130LG\u0130LER\u0130       NAKL\u0130YE \u00dcCRETLER\u0130 Nakliye ve kurulum \u00fccretleri i\u00e7in ileti\u015fime ge\u00e7iniz.   TESL\u0130MAT TAR\u0130H\u0130 Sipari\u015f verildikten itibaren 25 g\u00fcnd\u00fcr.\" \/>\n<meta property=\"og:url\" content=\"https:\/\/hayaloglumobilya.com\/index.php\/urun\/bohem-genc-odasi-takimi\/\" \/>\n<meta property=\"og:site_name\" content=\"Hayalo\u011flu Mobilya\" \/>\n<meta property=\"article:modified_time\" content=\"2026-03-31T10:24:14+00:00\" \/>\n<meta property=\"og:image\" content=\"https:\/\/hayaloglumobilya.com\/wp-content\/uploads\/2025\/05\/1H9A8565-copy-scaled.jpg\" \/>\n\t<meta property=\"og:image:width\" content=\"2560\" \/>\n\t<meta property=\"og:image:height\" content=\"1707\" \/>\n\t<meta property=\"og:image:type\" content=\"image\/jpeg\" \/>\n<meta name=\"twitter:card\" content=\"summary_large_image\" \/>\n<meta name=\"twitter:label1\" content=\"Tahmini okuma s\u00fcresi\" \/>\n\t<meta name=\"twitter:data1\" content=\"1 dakika\" \/>\n<script type=\"application\/ld+json\" class=\"yoast-schema-graph\">{\"@context\":\"https:\/\/schema.org\",\"@graph\":[{\"@type\":\"WebPage\",\"@id\":\"https:\/\/hayaloglumobilya.com\/index.php\/urun\/bohem-genc-odasi-takimi\/\",\"url\":\"https:\/\/hayaloglumobilya.com\/index.php\/urun\/bohem-genc-odasi-takimi\/\",\"name\":\"BOHEM GEN\u00c7 ODASI TAKIMI - Hayalo\u011flu Mobilya\",\"isPartOf\":{\"@id\":\"https:\/\/hayaloglumobilya.com\/#website\"},\"primaryImageOfPage\":{\"@id\":\"https:\/\/hayaloglumobilya.com\/index.php\/urun\/bohem-genc-odasi-takimi\/#primaryimage\"},\"image\":{\"@id\":\"https:\/\/hayaloglumobilya.com\/index.php\/urun\/bohem-genc-odasi-takimi\/#primaryimage\"},\"thumbnailUrl\":\"https:\/\/hayaloglumobilya.com\/wp-content\/uploads\/2025\/05\/1H9A8565-copy-scaled.jpg\",\"datePublished\":\"2025-05-01T19:59:16+00:00\",\"dateModified\":\"2026-03-31T10:24:14+00:00\",\"breadcrumb\":{\"@id\":\"https:\/\/hayaloglumobilya.com\/index.php\/urun\/bohem-genc-odasi-takimi\/#breadcrumb\"},\"inLanguage\":\"tr\",\"potentialAction\":[{\"@type\":\"ReadAction\",\"target\":[\"https:\/\/hayaloglumobilya.com\/index.php\/urun\/bohem-genc-odasi-takimi\/\"]}]},{\"@type\":\"ImageObject\",\"inLanguage\":\"tr\",\"@id\":\"https:\/\/hayaloglumobilya.com\/index.php\/urun\/bohem-genc-odasi-takimi\/#primaryimage\",\"url\":\"https:\/\/hayaloglumobilya.com\/wp-content\/uploads\/2025\/05\/1H9A8565-copy-scaled.jpg\",\"contentUrl\":\"https:\/\/hayaloglumobilya.com\/wp-content\/uploads\/2025\/05\/1H9A8565-copy-scaled.jpg\",\"width\":2560,\"height\":1707},{\"@type\":\"BreadcrumbList\",\"@id\":\"https:\/\/hayaloglumobilya.com\/index.php\/urun\/bohem-genc-odasi-takimi\/#breadcrumb\",\"itemListElement\":[{\"@type\":\"ListItem\",\"position\":1,\"name\":\"Anasayfa\",\"item\":\"https:\/\/hayaloglumobilya.com\/\"},{\"@type\":\"ListItem\",\"position\":2,\"name\":\"Shop\",\"item\":\"https:\/\/hayaloglumobilya.com\/index.php\/shop\/\"},{\"@type\":\"ListItem\",\"position\":3,\"name\":\"BOHEM GEN\u00c7 ODASI TAKIMI\"}]},{\"@type\":\"WebSite\",\"@id\":\"https:\/\/hayaloglumobilya.com\/#website\",\"url\":\"https:\/\/hayaloglumobilya.com\/\",\"name\":\"Hayalo\u011flu Mobilya\",\"description\":\"\",\"potentialAction\":[{\"@type\":\"SearchAction\",\"target\":{\"@type\":\"EntryPoint\",\"urlTemplate\":\"https:\/\/hayaloglumobilya.com\/?s={search_term_string}\"},\"query-input\":{\"@type\":\"PropertyValueSpecification\",\"valueRequired\":true,\"valueName\":\"search_term_string\"}}],\"inLanguage\":\"tr\"}]}<\/script>\n<!-- \/ Yoast SEO plugin. -->","yoast_head_json":{"title":"BOHEM GEN\u00c7 ODASI TAKIMI - Hayalo\u011flu Mobilya","robots":{"index":"index","follow":"follow","max-snippet":"max-snippet:-1","max-image-preview":"max-image-preview:large","max-video-preview":"max-video-preview:-1"},"canonical":"https:\/\/hayaloglumobilya.com\/index.php\/urun\/bohem-genc-odasi-takimi\/","og_locale":"tr_TR","og_type":"article","og_title":"BOHEM GEN\u00c7 ODASI TAKIMI - Hayalo\u011flu Mobilya","og_description":"TEKN\u0130K \u00d6ZELL\u0130KLER       TAKIM \u0130\u00c7ER\u0130\u011e\u0130 Bir gard\u0131rop, bir \u00e7ama\u015f\u0131rl\u0131k, bir \u00e7al\u0131\u015fma masas\u0131, bir somyal\u0131 karyola, bir komodinden olu\u015fmaktad\u0131r.   \u00dcR\u00dcN MALZEMES\u0130 %100 MDF   YATAK \u00d6L\u00c7\u00dcLER\u0130 90*190   BA\u015eLIK RENK SE\u00c7ENE\u011e\u0130 Ba\u015fl\u0131k rengi sabittir   FONKS\u0130YON \u00d6ZELL\u0130\u011e\u0130 Dolap 4 kapakl\u0131d\u0131r.   \u00dcR\u00dcN EKLEME Yatak opsiyoneldir.   \u00d6ZEL \u00d6L\u00c7\u00dc Sabit \u00f6l\u00e7\u00fcd\u00fcr de\u011fi\u015fmez.   GARANT\u0130 S\u00dcRES\u0130 2 y\u0131l \u00fcretici garantilidir.       \u00dcR\u00dcN \u00d6L\u00c7\u00dcLER\u0130       MOD\u00dcL GEN\u0130\u015eL\u0130K Y\u00dcKSEKL\u0130K DER\u0130NL\u0130K   DOLAP 170 cm 209 cm 59 cm   \u00c7AMA\u015eIRLIK 61 cm 92 cm 46 cm   KARYOLA 106 cm 115 cm 100\/200cm   \u00c7ALI\u015eMA MASASI 120 cm 82 cm 120 cm   KOMOD\u0130N 61 cm 47 cm 45 cm       NAKL\u0130YE VE TESL\u0130MAT B\u0130LG\u0130LER\u0130       NAKL\u0130YE \u00dcCRETLER\u0130 Nakliye ve kurulum \u00fccretleri i\u00e7in ileti\u015fime ge\u00e7iniz.   TESL\u0130MAT TAR\u0130H\u0130 Sipari\u015f verildikten itibaren 25 g\u00fcnd\u00fcr.","og_url":"https:\/\/hayaloglumobilya.com\/index.php\/urun\/bohem-genc-odasi-takimi\/","og_site_name":"Hayalo\u011flu Mobilya","article_modified_time":"2026-03-31T10:24:14+00:00","og_image":[{"width":2560,"height":1707,"url":"https:\/\/hayaloglumobilya.com\/wp-content\/uploads\/2025\/05\/1H9A8565-copy-scaled.jpg","type":"image\/jpeg"}],"twitter_card":"summary_large_image","twitter_misc":{"Tahmini okuma s\u00fcresi":"1 dakika"},"schema":{"@context":"https:\/\/schema.org","@graph":[{"@type":"WebPage","@id":"https:\/\/hayaloglumobilya.com\/index.php\/urun\/bohem-genc-odasi-takimi\/","url":"https:\/\/hayaloglumobilya.com\/index.php\/urun\/bohem-genc-odasi-takimi\/","name":"BOHEM GEN\u00c7 ODASI TAKIMI - Hayalo\u011flu Mobilya","isPartOf":{"@id":"https:\/\/hayaloglumobilya.com\/#website"},"primaryImageOfPage":{"@id":"https:\/\/hayaloglumobilya.com\/index.php\/urun\/bohem-genc-odasi-takimi\/#primaryimage"},"image":{"@id":"https:\/\/hayaloglumobilya.com\/index.php\/urun\/bohem-genc-odasi-takimi\/#primaryimage"},"thumbnailUrl":"https:\/\/hayaloglumobilya.com\/wp-content\/uploads\/2025\/05\/1H9A8565-copy-scaled.jpg","datePublished":"2025-05-01T19:59:16+00:00","dateModified":"2026-03-31T10:24:14+00:00","breadcrumb":{"@id":"https:\/\/hayaloglumobilya.com\/index.php\/urun\/bohem-genc-odasi-takimi\/#breadcrumb"},"inLanguage":"tr","potentialAction":[{"@type":"ReadAction","target":["https:\/\/hayaloglumobilya.com\/index.php\/urun\/bohem-genc-odasi-takimi\/"]}]},{"@type":"ImageObject","inLanguage":"tr","@id":"https:\/\/hayaloglumobilya.com\/index.php\/urun\/bohem-genc-odasi-takimi\/#primaryimage","url":"https:\/\/hayaloglumobilya.com\/wp-content\/uploads\/2025\/05\/1H9A8565-copy-scaled.jpg","contentUrl":"https:\/\/hayaloglumobilya.com\/wp-content\/uploads\/2025\/05\/1H9A8565-copy-scaled.jpg","width":2560,"height":1707},{"@type":"BreadcrumbList","@id":"https:\/\/hayaloglumobilya.com\/index.php\/urun\/bohem-genc-odasi-takimi\/#breadcrumb","itemListElement":[{"@type":"ListItem","position":1,"name":"Anasayfa","item":"https:\/\/hayaloglumobilya.com\/"},{"@type":"ListItem","position":2,"name":"Shop","item":"https:\/\/hayaloglumobilya.com\/index.php\/shop\/"},{"@type":"ListItem","position":3,"name":"BOHEM GEN\u00c7 ODASI TAKIMI"}]},{"@type":"WebSite","@id":"https:\/\/hayaloglumobilya.com\/#website","url":"https:\/\/hayaloglumobilya.com\/","name":"Hayalo\u011flu Mobilya","description":"","potentialAction":[{"@type":"SearchAction","target":{"@type":"EntryPoint","urlTemplate":"https:\/\/hayaloglumobilya.com\/?s={search_term_string}"},"query-input":{"@type":"PropertyValueSpecification","valueRequired":true,"valueName":"search_term_string"}}],"inLanguage":"tr"}]}},"_links":{"self":[{"href":"https:\/\/hayaloglumobilya.com\/index.php\/wp-json\/wp\/v2\/product\/15708","targetHints":{"allow":["GET"]}}],"collection":[{"href":"https:\/\/hayaloglumobilya.com\/index.php\/wp-json\/wp\/v2\/product"}],"about":[{"href":"https:\/\/hayaloglumobilya.com\/index.php\/wp-json\/wp\/v2\/types\/product"}],"replies":[{"embeddable":true,"href":"https:\/\/hayaloglumobilya.com\/index.php\/wp-json\/wp\/v2\/comments?post=15708"}],"version-history":[{"count":6,"href":"https:\/\/hayaloglumobilya.com\/index.php\/wp-json\/wp\/v2\/product\/15708\/revisions"}],"predecessor-version":[{"id":18810,"href":"https:\/\/hayaloglumobilya.com\/index.php\/wp-json\/wp\/v2\/product\/15708\/revisions\/18810"}],"wp:featuredmedia":[{"embeddable":true,"href":"https:\/\/hayaloglumobilya.com\/index.php\/wp-json\/wp\/v2\/media\/15709"}],"wp:attachment":[{"href":"https:\/\/hayaloglumobilya.com\/index.php\/wp-json\/wp\/v2\/media?parent=15708"}],"wp:term":[{"taxonomy":"product_brand","embeddable":true,"href":"https:\/\/hayaloglumobilya.com\/index.php\/wp-json\/wp\/v2\/product_brand?post=15708"},{"taxonomy":"product_cat","embeddable":true,"href":"https:\/\/hayaloglumobilya.com\/index.php\/wp-json\/wp\/v2\/product_cat?post=15708"},{"taxonomy":"product_tag","embeddable":true,"href":"https:\/\/hayaloglumobilya.com\/index.php\/wp-json\/wp\/v2\/product_tag?post=15708"}],"curies":[{"name":"wp","href":"https:\/\/api.w.org\/{rel}","templated":true}]}}