{"id":19142,"date":"2025-06-17T14:46:24","date_gmt":"2025-06-17T11:46:24","guid":{"rendered":"https:\/\/hayaloglumobilya.com\/?post_type=product&#038;p=19142"},"modified":"2025-06-17T14:52:48","modified_gmt":"2025-06-17T11:52:48","slug":"kristal-tv-unitesi","status":"publish","type":"product","link":"https:\/\/hayaloglumobilya.com\/index.php\/urun\/kristal-tv-unitesi\/","title":{"rendered":"KR\u0130STAL TV \u00dcN\u0130TES\u0130"},"content":{"rendered":"<div class=\"elementor-element elementor-element-6b14eb8 elementor-widget elementor-widget-wd_text_block\" data-id=\"6b14eb8\" data-element_type=\"widget\" data-widget_type=\"wd_text_block.default\">\n<div class=\"elementor-widget-container\">\n<div class=\"wd-text-block reset-last-child text-left\">\n<p>\u00dcr\u00fcn \u00d6zellikleri<\/p>\n<\/div>\n<\/div>\n<\/div>\n<div class=\"elementor-element elementor-element-334e79f elementor-widget elementor-widget-wd_text_block\" data-id=\"334e79f\" data-element_type=\"widget\" data-widget_type=\"wd_text_block.default\">\n<div class=\"elementor-widget-container\">\n<div class=\"wd-text-block reset-last-child text-left\">\n<ul>\n<li>EV\u0130N\u0130ZE \u015eIKLIK KATACAK KR\u0130STAL \u00dcN\u0130TE TAKIMI<\/li>\n<li>\u00dcR\u00dcN\u00dcN M\u00dc\u015eTER\u0130 EV\u0130 G\u00d6RSELLER\u0130NE WHATSAPP HATTIMIZDAN ULA\u015eAB\u0130L\u0130RS\u0130N\u0130Z<\/li>\n<\/ul>\n<\/div>\n<\/div>\n<\/div>\n","protected":false},"excerpt":{"rendered":"<table class=\"table table-bordered\">\n<tbody>\n<tr>\n<td><b>\u00dcR\u00dcN MALZEMES\u0130<\/b><\/td>\n<td>Kaliteli MDF ve Suntalem malzemeden \u00fcretilmi\u015ftir.<\/td>\n<\/tr>\n<tr>\n<td><strong>\u00d6ZEL \u00d6L\u00c7\u00dc<\/strong><\/td>\n<td>\u00a0\u00d6zel \u00f6l\u00e7\u00fc i\u00e7in bize ula\u015fabilirsiniz.<\/td>\n<\/tr>\n<tr>\n<td><strong>GARANT\u0130 S\u00dcRES\u0130<\/strong><\/td>\n<td>2 y\u0131l \u00fcretici garantilidir.<\/td>\n<\/tr>\n<\/tbody>\n<\/table>\n<table class=\"table table-bordered\">\n<tbody>\n<tr>\n<td><b>\u00dcR\u00dcN \u00d6L\u00c7\u00dcLER\u0130<\/b><\/td>\n<\/tr>\n<\/tbody>\n<\/table>\n<table class=\"table table-bordered\">\n<tbody>\n<tr>\n<td><b>MOD\u00dcL<\/b><\/td>\n<td><b>GEN\u0130\u015eL\u0130K<\/b><\/td>\n<td><b>Y\u00dcKSEKL\u0130K<\/b><\/td>\n<td><b>DER\u0130NL\u0130K<\/b><\/td>\n<\/tr>\n<tr>\n<td><strong>ALT BLOK<\/strong><\/td>\n<td>\u00a0182 cm<\/td>\n<td>40 cm<\/td>\n<td>41,5 cm<\/td>\n<\/tr>\n<\/tbody>\n<\/table>\n<table class=\"table table-bordered\">\n<tbody>\n<tr>\n<td><b>NAKL\u0130YE VE TESL\u0130MAT B\u0130LG\u0130LER\u0130<\/b><\/td>\n<\/tr>\n<\/tbody>\n<\/table>\n<table class=\"table table-bordered\">\n<tbody>\n<tr>\n<td><b>NAKL\u0130YE \u00dcCRETLER\u0130<\/b><\/td>\n<td>Nakliye ve kurulum \u00fccretleri i\u00e7in ileti\u015fime ge\u00e7iniz<\/td>\n<\/tr>\n<tr>\n<td><b>TESL\u0130MAT TAR\u0130H\u0130<\/b><\/td>\n<td>Sipari\u015f verildikten itibaren 25 g\u00fcnd\u00fcr<\/td>\n<\/tr>\n<\/tbody>\n<\/table>\n","protected":false},"featured_media":19143,"comment_status":"open","ping_status":"closed","template":"","meta":[],"product_brand":[],"product_cat":[78],"product_tag":[],"class_list":{"0":"post-19142","1":"product","2":"type-product","3":"status-publish","4":"has-post-thumbnail","6":"product_cat-tv-uniteleri","8":"first","9":"instock","10":"shipping-taxable","11":"purchasable","12":"product-type-simple"},"yoast_head":"<!-- This site is optimized with the Yoast SEO plugin v25.0 - https:\/\/yoast.com\/wordpress\/plugins\/seo\/ -->\n<title>KR\u0130STAL TV \u00dcN\u0130TES\u0130 - Hayalo\u011flu Mobilya<\/title>\n<meta name=\"robots\" content=\"index, follow, max-snippet:-1, max-image-preview:large, max-video-preview:-1\" \/>\n<link rel=\"canonical\" href=\"https:\/\/hayaloglumobilya.com\/index.php\/urun\/kristal-tv-unitesi\/\" \/>\n<meta property=\"og:locale\" content=\"tr_TR\" \/>\n<meta property=\"og:type\" content=\"article\" \/>\n<meta property=\"og:title\" content=\"KR\u0130STAL TV \u00dcN\u0130TES\u0130 - Hayalo\u011flu Mobilya\" \/>\n<meta property=\"og:description\" content=\"\u00dcR\u00dcN MALZEMES\u0130 Kaliteli MDF ve Suntalem malzemeden \u00fcretilmi\u015ftir.   \u00d6ZEL \u00d6L\u00c7\u00dc \u00a0\u00d6zel \u00f6l\u00e7\u00fc i\u00e7in bize ula\u015fabilirsiniz.   GARANT\u0130 S\u00dcRES\u0130 2 y\u0131l \u00fcretici garantilidir.       \u00dcR\u00dcN \u00d6L\u00c7\u00dcLER\u0130       MOD\u00dcL GEN\u0130\u015eL\u0130K Y\u00dcKSEKL\u0130K DER\u0130NL\u0130K   ALT BLOK \u00a0182 cm 40 cm 41,5 cm       NAKL\u0130YE VE TESL\u0130MAT B\u0130LG\u0130LER\u0130       NAKL\u0130YE \u00dcCRETLER\u0130 Nakliye ve kurulum \u00fccretleri i\u00e7in ileti\u015fime ge\u00e7iniz   TESL\u0130MAT TAR\u0130H\u0130 Sipari\u015f verildikten itibaren 25 g\u00fcnd\u00fcr\" \/>\n<meta property=\"og:url\" content=\"https:\/\/hayaloglumobilya.com\/index.php\/urun\/kristal-tv-unitesi\/\" \/>\n<meta property=\"og:site_name\" content=\"Hayalo\u011flu Mobilya\" \/>\n<meta property=\"article:modified_time\" content=\"2025-06-17T11:52:48+00:00\" \/>\n<meta property=\"og:image\" content=\"https:\/\/hayaloglumobilya.com\/wp-content\/uploads\/2025\/06\/NEK_000938-scaled-1.jpg\" \/>\n\t<meta property=\"og:image:width\" content=\"2560\" \/>\n\t<meta property=\"og:image:height\" content=\"1790\" \/>\n\t<meta property=\"og:image:type\" content=\"image\/jpeg\" \/>\n<meta name=\"twitter:card\" content=\"summary_large_image\" \/>\n<meta name=\"twitter:label1\" content=\"Tahmini okuma s\u00fcresi\" \/>\n\t<meta name=\"twitter:data1\" content=\"1 dakika\" \/>\n<script type=\"application\/ld+json\" class=\"yoast-schema-graph\">{\"@context\":\"https:\/\/schema.org\",\"@graph\":[{\"@type\":\"WebPage\",\"@id\":\"https:\/\/hayaloglumobilya.com\/index.php\/urun\/kristal-tv-unitesi\/\",\"url\":\"https:\/\/hayaloglumobilya.com\/index.php\/urun\/kristal-tv-unitesi\/\",\"name\":\"KR\u0130STAL TV \u00dcN\u0130TES\u0130 - Hayalo\u011flu Mobilya\",\"isPartOf\":{\"@id\":\"https:\/\/hayaloglumobilya.com\/#website\"},\"primaryImageOfPage\":{\"@id\":\"https:\/\/hayaloglumobilya.com\/index.php\/urun\/kristal-tv-unitesi\/#primaryimage\"},\"image\":{\"@id\":\"https:\/\/hayaloglumobilya.com\/index.php\/urun\/kristal-tv-unitesi\/#primaryimage\"},\"thumbnailUrl\":\"https:\/\/hayaloglumobilya.com\/wp-content\/uploads\/2025\/06\/NEK_000938-scaled-1.jpg\",\"datePublished\":\"2025-06-17T11:46:24+00:00\",\"dateModified\":\"2025-06-17T11:52:48+00:00\",\"breadcrumb\":{\"@id\":\"https:\/\/hayaloglumobilya.com\/index.php\/urun\/kristal-tv-unitesi\/#breadcrumb\"},\"inLanguage\":\"tr\",\"potentialAction\":[{\"@type\":\"ReadAction\",\"target\":[\"https:\/\/hayaloglumobilya.com\/index.php\/urun\/kristal-tv-unitesi\/\"]}]},{\"@type\":\"ImageObject\",\"inLanguage\":\"tr\",\"@id\":\"https:\/\/hayaloglumobilya.com\/index.php\/urun\/kristal-tv-unitesi\/#primaryimage\",\"url\":\"https:\/\/hayaloglumobilya.com\/wp-content\/uploads\/2025\/06\/NEK_000938-scaled-1.jpg\",\"contentUrl\":\"https:\/\/hayaloglumobilya.com\/wp-content\/uploads\/2025\/06\/NEK_000938-scaled-1.jpg\",\"width\":2560,\"height\":1790},{\"@type\":\"BreadcrumbList\",\"@id\":\"https:\/\/hayaloglumobilya.com\/index.php\/urun\/kristal-tv-unitesi\/#breadcrumb\",\"itemListElement\":[{\"@type\":\"ListItem\",\"position\":1,\"name\":\"Anasayfa\",\"item\":\"https:\/\/hayaloglumobilya.com\/\"},{\"@type\":\"ListItem\",\"position\":2,\"name\":\"Shop\",\"item\":\"https:\/\/hayaloglumobilya.com\/index.php\/shop\/\"},{\"@type\":\"ListItem\",\"position\":3,\"name\":\"KR\u0130STAL TV \u00dcN\u0130TES\u0130\"}]},{\"@type\":\"WebSite\",\"@id\":\"https:\/\/hayaloglumobilya.com\/#website\",\"url\":\"https:\/\/hayaloglumobilya.com\/\",\"name\":\"Hayalo\u011flu Mobilya\",\"description\":\"\",\"potentialAction\":[{\"@type\":\"SearchAction\",\"target\":{\"@type\":\"EntryPoint\",\"urlTemplate\":\"https:\/\/hayaloglumobilya.com\/?s={search_term_string}\"},\"query-input\":{\"@type\":\"PropertyValueSpecification\",\"valueRequired\":true,\"valueName\":\"search_term_string\"}}],\"inLanguage\":\"tr\"}]}<\/script>\n<!-- \/ Yoast SEO plugin. -->","yoast_head_json":{"title":"KR\u0130STAL TV \u00dcN\u0130TES\u0130 - Hayalo\u011flu Mobilya","robots":{"index":"index","follow":"follow","max-snippet":"max-snippet:-1","max-image-preview":"max-image-preview:large","max-video-preview":"max-video-preview:-1"},"canonical":"https:\/\/hayaloglumobilya.com\/index.php\/urun\/kristal-tv-unitesi\/","og_locale":"tr_TR","og_type":"article","og_title":"KR\u0130STAL TV \u00dcN\u0130TES\u0130 - Hayalo\u011flu Mobilya","og_description":"\u00dcR\u00dcN MALZEMES\u0130 Kaliteli MDF ve Suntalem malzemeden \u00fcretilmi\u015ftir.   \u00d6ZEL \u00d6L\u00c7\u00dc \u00a0\u00d6zel \u00f6l\u00e7\u00fc i\u00e7in bize ula\u015fabilirsiniz.   GARANT\u0130 S\u00dcRES\u0130 2 y\u0131l \u00fcretici garantilidir.       \u00dcR\u00dcN \u00d6L\u00c7\u00dcLER\u0130       MOD\u00dcL GEN\u0130\u015eL\u0130K Y\u00dcKSEKL\u0130K DER\u0130NL\u0130K   ALT BLOK \u00a0182 cm 40 cm 41,5 cm       NAKL\u0130YE VE TESL\u0130MAT B\u0130LG\u0130LER\u0130       NAKL\u0130YE \u00dcCRETLER\u0130 Nakliye ve kurulum \u00fccretleri i\u00e7in ileti\u015fime ge\u00e7iniz   TESL\u0130MAT TAR\u0130H\u0130 Sipari\u015f verildikten itibaren 25 g\u00fcnd\u00fcr","og_url":"https:\/\/hayaloglumobilya.com\/index.php\/urun\/kristal-tv-unitesi\/","og_site_name":"Hayalo\u011flu Mobilya","article_modified_time":"2025-06-17T11:52:48+00:00","og_image":[{"width":2560,"height":1790,"url":"https:\/\/hayaloglumobilya.com\/wp-content\/uploads\/2025\/06\/NEK_000938-scaled-1.jpg","type":"image\/jpeg"}],"twitter_card":"summary_large_image","twitter_misc":{"Tahmini okuma s\u00fcresi":"1 dakika"},"schema":{"@context":"https:\/\/schema.org","@graph":[{"@type":"WebPage","@id":"https:\/\/hayaloglumobilya.com\/index.php\/urun\/kristal-tv-unitesi\/","url":"https:\/\/hayaloglumobilya.com\/index.php\/urun\/kristal-tv-unitesi\/","name":"KR\u0130STAL TV \u00dcN\u0130TES\u0130 - Hayalo\u011flu Mobilya","isPartOf":{"@id":"https:\/\/hayaloglumobilya.com\/#website"},"primaryImageOfPage":{"@id":"https:\/\/hayaloglumobilya.com\/index.php\/urun\/kristal-tv-unitesi\/#primaryimage"},"image":{"@id":"https:\/\/hayaloglumobilya.com\/index.php\/urun\/kristal-tv-unitesi\/#primaryimage"},"thumbnailUrl":"https:\/\/hayaloglumobilya.com\/wp-content\/uploads\/2025\/06\/NEK_000938-scaled-1.jpg","datePublished":"2025-06-17T11:46:24+00:00","dateModified":"2025-06-17T11:52:48+00:00","breadcrumb":{"@id":"https:\/\/hayaloglumobilya.com\/index.php\/urun\/kristal-tv-unitesi\/#breadcrumb"},"inLanguage":"tr","potentialAction":[{"@type":"ReadAction","target":["https:\/\/hayaloglumobilya.com\/index.php\/urun\/kristal-tv-unitesi\/"]}]},{"@type":"ImageObject","inLanguage":"tr","@id":"https:\/\/hayaloglumobilya.com\/index.php\/urun\/kristal-tv-unitesi\/#primaryimage","url":"https:\/\/hayaloglumobilya.com\/wp-content\/uploads\/2025\/06\/NEK_000938-scaled-1.jpg","contentUrl":"https:\/\/hayaloglumobilya.com\/wp-content\/uploads\/2025\/06\/NEK_000938-scaled-1.jpg","width":2560,"height":1790},{"@type":"BreadcrumbList","@id":"https:\/\/hayaloglumobilya.com\/index.php\/urun\/kristal-tv-unitesi\/#breadcrumb","itemListElement":[{"@type":"ListItem","position":1,"name":"Anasayfa","item":"https:\/\/hayaloglumobilya.com\/"},{"@type":"ListItem","position":2,"name":"Shop","item":"https:\/\/hayaloglumobilya.com\/index.php\/shop\/"},{"@type":"ListItem","position":3,"name":"KR\u0130STAL TV \u00dcN\u0130TES\u0130"}]},{"@type":"WebSite","@id":"https:\/\/hayaloglumobilya.com\/#website","url":"https:\/\/hayaloglumobilya.com\/","name":"Hayalo\u011flu Mobilya","description":"","potentialAction":[{"@type":"SearchAction","target":{"@type":"EntryPoint","urlTemplate":"https:\/\/hayaloglumobilya.com\/?s={search_term_string}"},"query-input":{"@type":"PropertyValueSpecification","valueRequired":true,"valueName":"search_term_string"}}],"inLanguage":"tr"}]}},"_links":{"self":[{"href":"https:\/\/hayaloglumobilya.com\/index.php\/wp-json\/wp\/v2\/product\/19142","targetHints":{"allow":["GET"]}}],"collection":[{"href":"https:\/\/hayaloglumobilya.com\/index.php\/wp-json\/wp\/v2\/product"}],"about":[{"href":"https:\/\/hayaloglumobilya.com\/index.php\/wp-json\/wp\/v2\/types\/product"}],"replies":[{"embeddable":true,"href":"https:\/\/hayaloglumobilya.com\/index.php\/wp-json\/wp\/v2\/comments?post=19142"}],"version-history":[{"count":1,"href":"https:\/\/hayaloglumobilya.com\/index.php\/wp-json\/wp\/v2\/product\/19142\/revisions"}],"predecessor-version":[{"id":19144,"href":"https:\/\/hayaloglumobilya.com\/index.php\/wp-json\/wp\/v2\/product\/19142\/revisions\/19144"}],"wp:featuredmedia":[{"embeddable":true,"href":"https:\/\/hayaloglumobilya.com\/index.php\/wp-json\/wp\/v2\/media\/19143"}],"wp:attachment":[{"href":"https:\/\/hayaloglumobilya.com\/index.php\/wp-json\/wp\/v2\/media?parent=19142"}],"wp:term":[{"taxonomy":"product_brand","embeddable":true,"href":"https:\/\/hayaloglumobilya.com\/index.php\/wp-json\/wp\/v2\/product_brand?post=19142"},{"taxonomy":"product_cat","embeddable":true,"href":"https:\/\/hayaloglumobilya.com\/index.php\/wp-json\/wp\/v2\/product_cat?post=19142"},{"taxonomy":"product_tag","embeddable":true,"href":"https:\/\/hayaloglumobilya.com\/index.php\/wp-json\/wp\/v2\/product_tag?post=19142"}],"curies":[{"name":"wp","href":"https:\/\/api.w.org\/{rel}","templated":true}]}}