{"id":19244,"date":"2025-06-18T17:17:01","date_gmt":"2025-06-18T14:17:01","guid":{"rendered":"https:\/\/hayaloglumobilya.com\/?post_type=product&#038;p=19244"},"modified":"2025-08-14T02:13:38","modified_gmt":"2025-08-13T23:13:38","slug":"sancy-yatak","status":"publish","type":"product","link":"https:\/\/hayaloglumobilya.com\/index.php\/urun\/sancy-yatak\/","title":{"rendered":"SANCY YATAK"},"content":{"rendered":"<div class=\"elementor-element elementor-element-6b14eb8 elementor-widget elementor-widget-wd_text_block\" data-id=\"6b14eb8\" data-element_type=\"widget\" data-widget_type=\"wd_text_block.default\">\n<div class=\"elementor-widget-container\">\n<div class=\"wd-text-block reset-last-child text-left\">\n<p>\u00dcr\u00fcn \u00d6zellikleri<\/p>\n<\/div>\n<\/div>\n<\/div>\n<div class=\"elementor-element elementor-element-334e79f elementor-widget elementor-widget-wd_text_block\" data-id=\"334e79f\" data-element_type=\"widget\" data-widget_type=\"wd_text_block.default\">\n<div class=\"elementor-widget-container\">\n<div class=\"wd-text-block reset-last-child text-left\">\n<ul>\n<li>SANCY YATAK MODEL\u0130<\/li>\n<\/ul>\n<\/div>\n<\/div>\n<\/div>\n","protected":false},"excerpt":{"rendered":"<table class=\"table table-bordered\">\n<tbody>\n<tr>\n<td><b>TEKN\u0130K \u00d6ZELL\u0130KLER<\/b><\/td>\n<\/tr>\n<\/tbody>\n<\/table>\n<table class=\"table table-bordered\">\n<tbody>\n<tr>\n<td><b>TAKIM \u0130\u00c7ER\u0130\u011e\u0130<\/b><\/td>\n<td>Bir adet yataktan olu\u015fmaktad\u0131r.<\/td>\n<\/tr>\n<tr>\n<td><b>\u00dcR\u00dcN MALZEMES\u0130<\/b><\/td>\n<td>S\u00fcnger, elyaf ve yay malzemeden olu\u015fmaktad\u0131r.<\/td>\n<\/tr>\n<tr>\n<td><b>YATAK \u00d6L\u00c7\u00dcLER\u0130<\/b><\/td>\n<td>160&#215;200<\/td>\n<\/tr>\n<tr>\n<td><b>RENK SE\u00c7ENE\u011e\u0130<\/b><\/td>\n<td>Renk se\u00e7ene\u011fi yoktur.<\/td>\n<\/tr>\n<tr>\n<td><b>FONKS\u0130YON \u00d6ZELL\u0130\u011e\u0130<\/b><\/td>\n<td>Yatak modelimiz gizli pedlidir.<\/td>\n<\/tr>\n<\/tbody>\n<\/table>\n<table class=\"table table-bordered\" width=\"539\">\n<tbody>\n<tr>\n<td><b>\u00d6ZEL \u00d6L\u00c7\u00dc<\/b><\/td>\n<td>\u00d6zel \u00f6l\u00e7\u00fc \u00fcretilebilir.<\/td>\n<\/tr>\n<tr>\n<td><b>GARANT\u0130 S\u00dcRES\u0130<\/b><\/td>\n<td>2 y\u0131l \u00fcretici garantilidir.<\/td>\n<\/tr>\n<\/tbody>\n<\/table>\n<table class=\"table table-bordered\">\n<tbody>\n<tr>\n<td><b>NAKL\u0130YE VE TESL\u0130MAT B\u0130LG\u0130LER\u0130<\/b><\/td>\n<\/tr>\n<\/tbody>\n<\/table>\n<table class=\"table table-bordered\">\n<tbody>\n<tr>\n<td><b>NAKL\u0130YE \u00dcCRETLER\u0130<\/b><\/td>\n<td>Nakliye ve kurulum \u00fccretleri i\u00e7in ileti\u015fime ge\u00e7iniz.<\/td>\n<\/tr>\n<tr>\n<td><b>TESL\u0130MAT TAR\u0130H\u0130<\/b><\/td>\n<td>Sipari\u015f verildikten itibaren 25 g\u00fcnd\u00fcr.<\/td>\n<\/tr>\n<\/tbody>\n<\/table>\n","protected":false},"featured_media":19245,"comment_status":"open","ping_status":"closed","template":"","meta":[],"product_brand":[],"product_cat":[86],"product_tag":[],"class_list":{"0":"post-19244","1":"product","2":"type-product","3":"status-publish","4":"has-post-thumbnail","6":"product_cat-yatak","8":"first","9":"instock","10":"shipping-taxable","11":"purchasable","12":"product-type-simple"},"yoast_head":"<!-- This site is optimized with the Yoast SEO plugin v25.0 - https:\/\/yoast.com\/wordpress\/plugins\/seo\/ -->\n<title>SANCY YATAK - Hayalo\u011flu Mobilya<\/title>\n<meta name=\"robots\" content=\"index, follow, max-snippet:-1, max-image-preview:large, max-video-preview:-1\" \/>\n<link rel=\"canonical\" href=\"https:\/\/hayaloglumobilya.com\/index.php\/urun\/sancy-yatak\/\" \/>\n<meta property=\"og:locale\" content=\"tr_TR\" \/>\n<meta property=\"og:type\" content=\"article\" \/>\n<meta property=\"og:title\" content=\"SANCY YATAK - Hayalo\u011flu Mobilya\" \/>\n<meta property=\"og:description\" content=\"TEKN\u0130K \u00d6ZELL\u0130KLER       TAKIM \u0130\u00c7ER\u0130\u011e\u0130 Bir adet yataktan olu\u015fmaktad\u0131r.   \u00dcR\u00dcN MALZEMES\u0130 S\u00fcnger, elyaf ve yay malzemeden olu\u015fmaktad\u0131r.   YATAK \u00d6L\u00c7\u00dcLER\u0130 160x200   RENK SE\u00c7ENE\u011e\u0130 Renk se\u00e7ene\u011fi yoktur.   FONKS\u0130YON \u00d6ZELL\u0130\u011e\u0130 Yatak modelimiz gizli pedlidir.       \u00d6ZEL \u00d6L\u00c7\u00dc \u00d6zel \u00f6l\u00e7\u00fc \u00fcretilebilir.   GARANT\u0130 S\u00dcRES\u0130 2 y\u0131l \u00fcretici garantilidir.       NAKL\u0130YE VE TESL\u0130MAT B\u0130LG\u0130LER\u0130       NAKL\u0130YE \u00dcCRETLER\u0130 Nakliye ve kurulum \u00fccretleri i\u00e7in ileti\u015fime ge\u00e7iniz.   TESL\u0130MAT TAR\u0130H\u0130 Sipari\u015f verildikten itibaren 25 g\u00fcnd\u00fcr.\" \/>\n<meta property=\"og:url\" content=\"https:\/\/hayaloglumobilya.com\/index.php\/urun\/sancy-yatak\/\" \/>\n<meta property=\"og:site_name\" content=\"Hayalo\u011flu Mobilya\" \/>\n<meta property=\"article:modified_time\" content=\"2025-08-13T23:13:38+00:00\" \/>\n<meta property=\"og:image\" content=\"https:\/\/hayaloglumobilya.com\/wp-content\/uploads\/2025\/06\/WhatsApp-Image-2025-06-17-at-18.06.47.jpeg\" \/>\n\t<meta property=\"og:image:width\" content=\"2048\" \/>\n\t<meta property=\"og:image:height\" content=\"1365\" \/>\n\t<meta property=\"og:image:type\" content=\"image\/jpeg\" \/>\n<meta name=\"twitter:card\" content=\"summary_large_image\" \/>\n<meta name=\"twitter:label1\" content=\"Tahmini okuma s\u00fcresi\" \/>\n\t<meta name=\"twitter:data1\" content=\"1 dakika\" \/>\n<script type=\"application\/ld+json\" class=\"yoast-schema-graph\">{\"@context\":\"https:\/\/schema.org\",\"@graph\":[{\"@type\":\"WebPage\",\"@id\":\"https:\/\/hayaloglumobilya.com\/index.php\/urun\/sancy-yatak\/\",\"url\":\"https:\/\/hayaloglumobilya.com\/index.php\/urun\/sancy-yatak\/\",\"name\":\"SANCY YATAK - Hayalo\u011flu Mobilya\",\"isPartOf\":{\"@id\":\"https:\/\/hayaloglumobilya.com\/#website\"},\"primaryImageOfPage\":{\"@id\":\"https:\/\/hayaloglumobilya.com\/index.php\/urun\/sancy-yatak\/#primaryimage\"},\"image\":{\"@id\":\"https:\/\/hayaloglumobilya.com\/index.php\/urun\/sancy-yatak\/#primaryimage\"},\"thumbnailUrl\":\"https:\/\/hayaloglumobilya.com\/wp-content\/uploads\/2025\/06\/WhatsApp-Image-2025-06-17-at-18.06.47.jpeg\",\"datePublished\":\"2025-06-18T14:17:01+00:00\",\"dateModified\":\"2025-08-13T23:13:38+00:00\",\"breadcrumb\":{\"@id\":\"https:\/\/hayaloglumobilya.com\/index.php\/urun\/sancy-yatak\/#breadcrumb\"},\"inLanguage\":\"tr\",\"potentialAction\":[{\"@type\":\"ReadAction\",\"target\":[\"https:\/\/hayaloglumobilya.com\/index.php\/urun\/sancy-yatak\/\"]}]},{\"@type\":\"ImageObject\",\"inLanguage\":\"tr\",\"@id\":\"https:\/\/hayaloglumobilya.com\/index.php\/urun\/sancy-yatak\/#primaryimage\",\"url\":\"https:\/\/hayaloglumobilya.com\/wp-content\/uploads\/2025\/06\/WhatsApp-Image-2025-06-17-at-18.06.47.jpeg\",\"contentUrl\":\"https:\/\/hayaloglumobilya.com\/wp-content\/uploads\/2025\/06\/WhatsApp-Image-2025-06-17-at-18.06.47.jpeg\",\"width\":2048,\"height\":1365},{\"@type\":\"BreadcrumbList\",\"@id\":\"https:\/\/hayaloglumobilya.com\/index.php\/urun\/sancy-yatak\/#breadcrumb\",\"itemListElement\":[{\"@type\":\"ListItem\",\"position\":1,\"name\":\"Anasayfa\",\"item\":\"https:\/\/hayaloglumobilya.com\/\"},{\"@type\":\"ListItem\",\"position\":2,\"name\":\"Shop\",\"item\":\"https:\/\/hayaloglumobilya.com\/index.php\/shop\/\"},{\"@type\":\"ListItem\",\"position\":3,\"name\":\"SANCY YATAK\"}]},{\"@type\":\"WebSite\",\"@id\":\"https:\/\/hayaloglumobilya.com\/#website\",\"url\":\"https:\/\/hayaloglumobilya.com\/\",\"name\":\"Hayalo\u011flu Mobilya\",\"description\":\"\",\"potentialAction\":[{\"@type\":\"SearchAction\",\"target\":{\"@type\":\"EntryPoint\",\"urlTemplate\":\"https:\/\/hayaloglumobilya.com\/?s={search_term_string}\"},\"query-input\":{\"@type\":\"PropertyValueSpecification\",\"valueRequired\":true,\"valueName\":\"search_term_string\"}}],\"inLanguage\":\"tr\"}]}<\/script>\n<!-- \/ Yoast SEO plugin. -->","yoast_head_json":{"title":"SANCY YATAK - Hayalo\u011flu Mobilya","robots":{"index":"index","follow":"follow","max-snippet":"max-snippet:-1","max-image-preview":"max-image-preview:large","max-video-preview":"max-video-preview:-1"},"canonical":"https:\/\/hayaloglumobilya.com\/index.php\/urun\/sancy-yatak\/","og_locale":"tr_TR","og_type":"article","og_title":"SANCY YATAK - Hayalo\u011flu Mobilya","og_description":"TEKN\u0130K \u00d6ZELL\u0130KLER       TAKIM \u0130\u00c7ER\u0130\u011e\u0130 Bir adet yataktan olu\u015fmaktad\u0131r.   \u00dcR\u00dcN MALZEMES\u0130 S\u00fcnger, elyaf ve yay malzemeden olu\u015fmaktad\u0131r.   YATAK \u00d6L\u00c7\u00dcLER\u0130 160x200   RENK SE\u00c7ENE\u011e\u0130 Renk se\u00e7ene\u011fi yoktur.   FONKS\u0130YON \u00d6ZELL\u0130\u011e\u0130 Yatak modelimiz gizli pedlidir.       \u00d6ZEL \u00d6L\u00c7\u00dc \u00d6zel \u00f6l\u00e7\u00fc \u00fcretilebilir.   GARANT\u0130 S\u00dcRES\u0130 2 y\u0131l \u00fcretici garantilidir.       NAKL\u0130YE VE TESL\u0130MAT B\u0130LG\u0130LER\u0130       NAKL\u0130YE \u00dcCRETLER\u0130 Nakliye ve kurulum \u00fccretleri i\u00e7in ileti\u015fime ge\u00e7iniz.   TESL\u0130MAT TAR\u0130H\u0130 Sipari\u015f verildikten itibaren 25 g\u00fcnd\u00fcr.","og_url":"https:\/\/hayaloglumobilya.com\/index.php\/urun\/sancy-yatak\/","og_site_name":"Hayalo\u011flu Mobilya","article_modified_time":"2025-08-13T23:13:38+00:00","og_image":[{"width":2048,"height":1365,"url":"https:\/\/hayaloglumobilya.com\/wp-content\/uploads\/2025\/06\/WhatsApp-Image-2025-06-17-at-18.06.47.jpeg","type":"image\/jpeg"}],"twitter_card":"summary_large_image","twitter_misc":{"Tahmini okuma s\u00fcresi":"1 dakika"},"schema":{"@context":"https:\/\/schema.org","@graph":[{"@type":"WebPage","@id":"https:\/\/hayaloglumobilya.com\/index.php\/urun\/sancy-yatak\/","url":"https:\/\/hayaloglumobilya.com\/index.php\/urun\/sancy-yatak\/","name":"SANCY YATAK - Hayalo\u011flu Mobilya","isPartOf":{"@id":"https:\/\/hayaloglumobilya.com\/#website"},"primaryImageOfPage":{"@id":"https:\/\/hayaloglumobilya.com\/index.php\/urun\/sancy-yatak\/#primaryimage"},"image":{"@id":"https:\/\/hayaloglumobilya.com\/index.php\/urun\/sancy-yatak\/#primaryimage"},"thumbnailUrl":"https:\/\/hayaloglumobilya.com\/wp-content\/uploads\/2025\/06\/WhatsApp-Image-2025-06-17-at-18.06.47.jpeg","datePublished":"2025-06-18T14:17:01+00:00","dateModified":"2025-08-13T23:13:38+00:00","breadcrumb":{"@id":"https:\/\/hayaloglumobilya.com\/index.php\/urun\/sancy-yatak\/#breadcrumb"},"inLanguage":"tr","potentialAction":[{"@type":"ReadAction","target":["https:\/\/hayaloglumobilya.com\/index.php\/urun\/sancy-yatak\/"]}]},{"@type":"ImageObject","inLanguage":"tr","@id":"https:\/\/hayaloglumobilya.com\/index.php\/urun\/sancy-yatak\/#primaryimage","url":"https:\/\/hayaloglumobilya.com\/wp-content\/uploads\/2025\/06\/WhatsApp-Image-2025-06-17-at-18.06.47.jpeg","contentUrl":"https:\/\/hayaloglumobilya.com\/wp-content\/uploads\/2025\/06\/WhatsApp-Image-2025-06-17-at-18.06.47.jpeg","width":2048,"height":1365},{"@type":"BreadcrumbList","@id":"https:\/\/hayaloglumobilya.com\/index.php\/urun\/sancy-yatak\/#breadcrumb","itemListElement":[{"@type":"ListItem","position":1,"name":"Anasayfa","item":"https:\/\/hayaloglumobilya.com\/"},{"@type":"ListItem","position":2,"name":"Shop","item":"https:\/\/hayaloglumobilya.com\/index.php\/shop\/"},{"@type":"ListItem","position":3,"name":"SANCY YATAK"}]},{"@type":"WebSite","@id":"https:\/\/hayaloglumobilya.com\/#website","url":"https:\/\/hayaloglumobilya.com\/","name":"Hayalo\u011flu Mobilya","description":"","potentialAction":[{"@type":"SearchAction","target":{"@type":"EntryPoint","urlTemplate":"https:\/\/hayaloglumobilya.com\/?s={search_term_string}"},"query-input":{"@type":"PropertyValueSpecification","valueRequired":true,"valueName":"search_term_string"}}],"inLanguage":"tr"}]}},"_links":{"self":[{"href":"https:\/\/hayaloglumobilya.com\/index.php\/wp-json\/wp\/v2\/product\/19244","targetHints":{"allow":["GET"]}}],"collection":[{"href":"https:\/\/hayaloglumobilya.com\/index.php\/wp-json\/wp\/v2\/product"}],"about":[{"href":"https:\/\/hayaloglumobilya.com\/index.php\/wp-json\/wp\/v2\/types\/product"}],"replies":[{"embeddable":true,"href":"https:\/\/hayaloglumobilya.com\/index.php\/wp-json\/wp\/v2\/comments?post=19244"}],"version-history":[{"count":2,"href":"https:\/\/hayaloglumobilya.com\/index.php\/wp-json\/wp\/v2\/product\/19244\/revisions"}],"predecessor-version":[{"id":19274,"href":"https:\/\/hayaloglumobilya.com\/index.php\/wp-json\/wp\/v2\/product\/19244\/revisions\/19274"}],"wp:featuredmedia":[{"embeddable":true,"href":"https:\/\/hayaloglumobilya.com\/index.php\/wp-json\/wp\/v2\/media\/19245"}],"wp:attachment":[{"href":"https:\/\/hayaloglumobilya.com\/index.php\/wp-json\/wp\/v2\/media?parent=19244"}],"wp:term":[{"taxonomy":"product_brand","embeddable":true,"href":"https:\/\/hayaloglumobilya.com\/index.php\/wp-json\/wp\/v2\/product_brand?post=19244"},{"taxonomy":"product_cat","embeddable":true,"href":"https:\/\/hayaloglumobilya.com\/index.php\/wp-json\/wp\/v2\/product_cat?post=19244"},{"taxonomy":"product_tag","embeddable":true,"href":"https:\/\/hayaloglumobilya.com\/index.php\/wp-json\/wp\/v2\/product_tag?post=19244"}],"curies":[{"name":"wp","href":"https:\/\/api.w.org\/{rel}","templated":true}]}}