{"id":19720,"date":"2025-07-20T17:52:48","date_gmt":"2025-07-20T14:52:48","guid":{"rendered":"https:\/\/hayaloglumobilya.com\/?post_type=product&#038;p=19720"},"modified":"2025-12-19T22:05:05","modified_gmt":"2025-12-19T19:05:05","slug":"arya-dugun-paketi","status":"publish","type":"product","link":"https:\/\/hayaloglumobilya.com\/index.php\/urun\/arya-dugun-paketi\/","title":{"rendered":"ARYA D\u00dc\u011e\u00dcN PAKET\u0130"},"content":{"rendered":"","protected":false},"excerpt":{"rendered":"<h2>ARYA YATAK ODASI TAKIMI<\/h2>\n<table class=\"table table-bordered\">\n<tbody>\n<tr>\n<td><b>TEKN\u0130K \u00d6ZELL\u0130KLER<\/b><\/td>\n<\/tr>\n<\/tbody>\n<\/table>\n<table class=\"table table-bordered\">\n<tbody>\n<tr>\n<td><b>TAKIM \u0130\u00c7ER\u0130\u011e\u0130<\/b><\/td>\n<td>Gard\u0131rop \u2013 \u015eifonyer \u2013 Karyola (Bazal\u0131), Ba\u015fl\u0131k \u2013 2 Komodin<\/td>\n<\/tr>\n<tr>\n<td><b>\u00dcR\u00dcN MALZEMES\u0130<\/b><\/td>\n<td>Kaliteli MDF ve suntalem malzemeden \u00fcretilmi\u015ftir.<\/td>\n<\/tr>\n<tr>\n<td><b>YATAK \u00d6L\u00c7\u00dcLER\u0130<\/b><\/td>\n<td>160*200 d\u00fcr.<\/td>\n<\/tr>\n<tr>\n<td><b>BA\u015eLIK RENK SE\u00c7ENE\u011e\u0130<\/b><\/td>\n<td>Ba\u015fl\u0131k rengi sabittir.<\/td>\n<\/tr>\n<tr>\n<td><b>FONKS\u0130YON \u00d6ZELL\u0130\u011e\u0130<\/b><\/td>\n<td>Dolap 6 kapakl\u0131d\u0131r.<\/td>\n<\/tr>\n<tr>\n<td><b>\u00dcR\u00dcN EKLEME<\/b><\/td>\n<td>Yatak opsiyoneldir.<\/td>\n<\/tr>\n<tr>\n<td><b>\u00d6ZEL \u00d6L\u00c7\u00dc<\/b><\/td>\n<td>Sabit \u00f6l\u00e7\u00fcd\u00fcr de\u011fi\u015fmez.<\/td>\n<\/tr>\n<tr>\n<td><b>GARANT\u0130 S\u00dcRES\u0130<\/b><\/td>\n<td>2 y\u0131l \u00fcretici garantilidir.<\/td>\n<\/tr>\n<\/tbody>\n<\/table>\n<table class=\"table table-bordered\">\n<tbody>\n<tr>\n<td><strong><b>\u00dcR\u00dcN \u00d6L\u00c7\u00dcLER\u0130<\/b><\/strong><\/td>\n<\/tr>\n<\/tbody>\n<\/table>\n<table class=\"table table-bordered\">\n<tbody>\n<tr>\n<td><b>MOD\u00dcL<\/b><\/td>\n<td><b>GEN\u0130\u015eL\u0130K<\/b><\/td>\n<td><b>Y\u00dcKSEKL\u0130K<\/b><\/td>\n<td><b>DER\u0130NL\u0130K<\/b><\/td>\n<\/tr>\n<tr>\n<td><b>GARDIROP<\/b><\/td>\n<td>180 cm<\/td>\n<td>cm<\/td>\n<td>cm<\/td>\n<\/tr>\n<tr>\n<td><b>\u015e\u0130FONYER<\/b><\/td>\n<td>130cm<\/td>\n<td>87cm<\/td>\n<td>43 cm<\/td>\n<\/tr>\n<tr>\n<td><b>KOMOD\u0130N<\/b><\/td>\n<td>56cm<\/td>\n<td>54cm<\/td>\n<td>cm<\/td>\n<\/tr>\n<tr>\n<td><b>KARYOLA<\/b><\/td>\n<td>170 cm<\/td>\n<td>124 cm<\/td>\n<td>208 cm<\/td>\n<\/tr>\n<\/tbody>\n<\/table>\n<h2>PARS YEMEK ODASI TAKIMI<\/h2>\n<table class=\"table table-bordered\">\n<tbody>\n<tr>\n<td><b>TEKN\u0130K \u00d6ZELL\u0130KLER<\/b><\/td>\n<\/tr>\n<\/tbody>\n<\/table>\n<table>\n<tbody>\n<tr>\n<td><b>TAKIM \u0130\u00c7ER\u0130\u011e\u0130<\/b><\/td>\n<td>Bir konsol ve aynas\u0131, bir masa ve 6 sandalyeden olu\u015fmaktad\u0131r.<\/td>\n<\/tr>\n<tr>\n<td><b>\u00dcR\u00dcN MALZEMES\u0130<\/b><\/td>\n<td>Kaliteli MDF ve Suntalem malzemeden \u00fcretilmi\u015ftir.<\/td>\n<\/tr>\n<tr>\n<td><b>SANDALYE KUMA\u015e RENK DE\u011e\u0130\u015e\u0130M\u0130<\/b><\/td>\n<td>\u0130stedi\u011finiz rengi \u00fccretsiz se\u00e7ebilirsiniz.<\/td>\n<\/tr>\n<tr>\n<td><strong>FONKS\u0130YON \u00d6ZELL\u0130\u011e\u0130<\/strong><\/td>\n<td>Sabit masa<\/td>\n<\/tr>\n<tr>\n<td><strong>\u00dcR\u00dcN EKLEME<\/strong><\/td>\n<td>TV \u00fcnitesi fiyata dahil de\u011fildir.<\/td>\n<\/tr>\n<tr>\n<td><strong>\u00d6ZEL \u00d6L\u00c7\u00dc<\/strong><\/td>\n<td>Sabit \u00f6l\u00e7\u00fcd\u00fcr.<\/td>\n<\/tr>\n<tr>\n<td><strong>GARANT\u0130 S\u00dcRES\u0130<\/strong><\/td>\n<td>2 y\u0131l \u00fcretici garantilidir.<\/td>\n<\/tr>\n<\/tbody>\n<\/table>\n<table class=\"table table-bordered\">\n<tbody>\n<tr>\n<td><b>\u00dcR\u00dcN \u00d6L\u00c7\u00dcLER\u0130<\/b><\/td>\n<\/tr>\n<\/tbody>\n<\/table>\n<table>\n<tbody>\n<tr>\n<td><b>MOD\u00dcL<\/b><\/td>\n<td><b>GEN\u0130\u015eL\u0130K<\/b><\/td>\n<td><b>Y\u00dcKSEKL\u0130K<\/b><\/td>\n<td><b>DER\u0130NL\u0130K<\/b><\/td>\n<\/tr>\n<tr>\n<td><b>KONSOL<\/b><\/td>\n<td>200cm<\/td>\n<td>81cm<\/td>\n<td>43cm<\/td>\n<\/tr>\n<tr>\n<td><b>MASA<\/b><\/td>\n<td>160 cm<\/td>\n<td>78cm<\/td>\n<td>90cm<\/td>\n<\/tr>\n<\/tbody>\n<\/table>\n<h2>OREO KOLTUK TAKIMI<\/h2>\n<table class=\"table table-bordered\">\n<tbody>\n<tr>\n<td><b>TEKN\u0130K \u00d6ZELL\u0130KLER<\/b><\/td>\n<\/tr>\n<\/tbody>\n<\/table>\n<table class=\"table table-bordered\">\n<tbody>\n<tr>\n<td><strong>TAKIM \u0130\u00c7ER\u0130\u011e\u0130<\/strong><\/td>\n<td>Tak\u0131m iki \u00fc\u00e7l\u00fc ve bir tekli koltuktan olu\u015fmaktad\u0131r.<\/td>\n<\/tr>\n<tr>\n<td><strong>\u0130SKELET MALZEMES\u0130<\/strong><\/td>\n<td>Birinci kalite f\u0131r\u0131nlanm\u0131\u015f g\u00fcrgen iskelettir.<\/td>\n<\/tr>\n<tr>\n<td><strong>S\u00dcNGER B\u0130LG\u0130S\u0130<\/strong><\/td>\n<td>32 dns s\u00fcnger kullan\u0131lm\u0131\u015ft\u0131r.<\/td>\n<\/tr>\n<tr>\n<td><strong>KUMA\u015e \u00d6ZELL\u0130\u011e\u0130<\/strong><\/td>\n<td>Kolay silinebilir kuma\u015f kullan\u0131lm\u0131\u015ft\u0131r.<\/td>\n<\/tr>\n<tr>\n<td><strong>RENK SE\u00c7\u0130M\u0130<\/strong><\/td>\n<td>Diledi\u011finiz rengi \u00fccretsiz se\u00e7ebilirsiniz.<\/td>\n<\/tr>\n<tr>\n<td><strong>AYAK \u00d6ZELL\u0130\u011e\u0130<\/strong><\/td>\n<td>Ah\u015fap ayak kullan\u0131lm\u0131\u015ft\u0131r<\/td>\n<\/tr>\n<tr>\n<td><strong>FONKS\u0130YON \u00d6ZELL\u0130\u011e\u0130<\/strong><\/td>\n<td>S\u0131rt\u0131 a\u00e7\u0131larak yatak olabilmektedir.<\/td>\n<\/tr>\n<tr>\n<td><strong>\u00d6ZEL \u00dcRET\u0130M<\/strong><\/td>\n<td>\u00d6zel \u00fcretim i\u00e7in bize ula\u015fabilirsiniz.<\/td>\n<\/tr>\n<tr>\n<td><strong>GARANT\u0130 S\u00dcRES\u0130<\/strong><\/td>\n<td>2 y\u0131l \u00fcretici garantilidir.<\/td>\n<\/tr>\n<\/tbody>\n<\/table>\n<p>&nbsp;<\/p>\n<table class=\"table table-bordered\">\n<tbody>\n<tr>\n<td><b>NAKL\u0130YE VE TESL\u0130MAT B\u0130LG\u0130LER\u0130<\/b><\/td>\n<\/tr>\n<\/tbody>\n<\/table>\n<table class=\"table table-bordered\">\n<tbody>\n<tr>\n<td><b>NAKL\u0130YE \u00dcCRETLER\u0130<\/b><\/td>\n<td>Nakliye ve kurulum \u00fccretleri i\u00e7in ileti\u015fime ge\u00e7iniz.<\/td>\n<\/tr>\n<tr>\n<td><b>TESL\u0130MAT TAR\u0130H\u0130<\/b><\/td>\n<td>Sipari\u015f verildikten itibaren 25 g\u00fcnd\u00fcr.<\/td>\n<\/tr>\n<\/tbody>\n<\/table>\n","protected":false},"featured_media":19851,"comment_status":"open","ping_status":"closed","template":"","meta":[],"product_brand":[],"product_cat":[85],"product_tag":[],"class_list":{"0":"post-19720","1":"product","2":"type-product","3":"status-publish","4":"has-post-thumbnail","6":"product_cat-dugun-paketleri","8":"first","9":"instock","10":"shipping-taxable","11":"product-type-simple"},"yoast_head":"<!-- This site is optimized with the Yoast SEO plugin v25.0 - https:\/\/yoast.com\/wordpress\/plugins\/seo\/ -->\n<title>ARYA D\u00dc\u011e\u00dcN PAKET\u0130 - Hayalo\u011flu Mobilya<\/title>\n<meta name=\"robots\" content=\"index, follow, max-snippet:-1, max-image-preview:large, max-video-preview:-1\" \/>\n<link rel=\"canonical\" href=\"https:\/\/hayaloglumobilya.com\/index.php\/urun\/arya-dugun-paketi\/\" \/>\n<meta property=\"og:locale\" content=\"tr_TR\" \/>\n<meta property=\"og:type\" content=\"article\" \/>\n<meta property=\"og:title\" content=\"ARYA D\u00dc\u011e\u00dcN PAKET\u0130 - Hayalo\u011flu Mobilya\" \/>\n<meta property=\"og:description\" content=\"ARYA YATAK ODASI TAKIMI    TEKN\u0130K \u00d6ZELL\u0130KLER       TAKIM \u0130\u00c7ER\u0130\u011e\u0130 Gard\u0131rop \u2013 \u015eifonyer \u2013 Karyola (Bazal\u0131), Ba\u015fl\u0131k \u2013 2 Komodin   \u00dcR\u00dcN MALZEMES\u0130 Kaliteli MDF ve suntalem malzemeden \u00fcretilmi\u015ftir.   YATAK \u00d6L\u00c7\u00dcLER\u0130 160*200 d\u00fcr.   BA\u015eLIK RENK SE\u00c7ENE\u011e\u0130 Ba\u015fl\u0131k rengi sabittir.   FONKS\u0130YON \u00d6ZELL\u0130\u011e\u0130 Dolap 6 kapakl\u0131d\u0131r.   \u00dcR\u00dcN EKLEME Yatak opsiyoneldir.   \u00d6ZEL \u00d6L\u00c7\u00dc Sabit \u00f6l\u00e7\u00fcd\u00fcr de\u011fi\u015fmez.   GARANT\u0130 S\u00dcRES\u0130 2 y\u0131l \u00fcretici garantilidir.       \u00dcR\u00dcN \u00d6L\u00c7\u00dcLER\u0130       MOD\u00dcL GEN\u0130\u015eL\u0130K Y\u00dcKSEKL\u0130K DER\u0130NL\u0130K   GARDIROP 180 cm cm cm   \u015e\u0130FONYER 130cm 87cm 43 cm   KOMOD\u0130N 56cm 54cm cm   KARYOLA 170 cm 124 cm 208 cm    PARS YEMEK ODASI TAKIMI    TEKN\u0130K \u00d6ZELL\u0130KLER       TAKIM \u0130\u00c7ER\u0130\u011e\u0130 Bir konsol ve aynas\u0131, bir masa ve 6 sandalyeden olu\u015fmaktad\u0131r.   \u00dcR\u00dcN MALZEMES\u0130 Kaliteli MDF ve Suntalem malzemeden \u00fcretilmi\u015ftir.   SANDALYE KUMA\u015e RENK DE\u011e\u0130\u015e\u0130M\u0130 \u0130stedi\u011finiz rengi \u00fccretsiz se\u00e7ebilirsiniz.   FONKS\u0130YON \u00d6ZELL\u0130\u011e\u0130 Sabit masa   \u00dcR\u00dcN EKLEME TV \u00fcnitesi fiyata dahil de\u011fildir.   \u00d6ZEL \u00d6L\u00c7\u00dc Sabit \u00f6l\u00e7\u00fcd\u00fcr.   GARANT\u0130 S\u00dcRES\u0130 2 y\u0131l \u00fcretici garantilidir.       \u00dcR\u00dcN \u00d6L\u00c7\u00dcLER\u0130       MOD\u00dcL GEN\u0130\u015eL\u0130K Y\u00dcKSEKL\u0130K DER\u0130NL\u0130K   KONSOL 200cm 81cm 43cm   MASA 160 cm 78cm 90cm    OREO KOLTUK TAKIMI    TEKN\u0130K \u00d6ZELL\u0130KLER       TAKIM \u0130\u00c7ER\u0130\u011e\u0130 Tak\u0131m iki \u00fc\u00e7l\u00fc ve bir tekli koltuktan olu\u015fmaktad\u0131r.   \u0130SKELET MALZEMES\u0130 Birinci kalite f\u0131r\u0131nlanm\u0131\u015f g\u00fcrgen iskelettir.   S\u00dcNGER B\u0130LG\u0130S\u0130 32 dns s\u00fcnger kullan\u0131lm\u0131\u015ft\u0131r.   KUMA\u015e \u00d6ZELL\u0130\u011e\u0130 Kolay silinebilir kuma\u015f kullan\u0131lm\u0131\u015ft\u0131r.   RENK SE\u00c7\u0130M\u0130 Diledi\u011finiz rengi \u00fccretsiz se\u00e7ebilirsiniz.   AYAK \u00d6ZELL\u0130\u011e\u0130 Ah\u015fap ayak kullan\u0131lm\u0131\u015ft\u0131r   FONKS\u0130YON \u00d6ZELL\u0130\u011e\u0130 S\u0131rt\u0131 a\u00e7\u0131larak yatak olabilmektedir.   \u00d6ZEL \u00dcRET\u0130M \u00d6zel \u00fcretim i\u00e7in bize ula\u015fabilirsiniz.   GARANT\u0130 S\u00dcRES\u0130 2 y\u0131l \u00fcretici garantilidir.    &nbsp;    NAKL\u0130YE VE TESL\u0130MAT B\u0130LG\u0130LER\u0130       NAKL\u0130YE \u00dcCRETLER\u0130 Nakliye ve kurulum \u00fccretleri i\u00e7in ileti\u015fime ge\u00e7iniz.   TESL\u0130MAT TAR\u0130H\u0130 Sipari\u015f verildikten itibaren 25 g\u00fcnd\u00fcr.\" \/>\n<meta property=\"og:url\" content=\"https:\/\/hayaloglumobilya.com\/index.php\/urun\/arya-dugun-paketi\/\" \/>\n<meta property=\"og:site_name\" content=\"Hayalo\u011flu Mobilya\" \/>\n<meta property=\"article:modified_time\" content=\"2025-12-19T19:05:05+00:00\" \/>\n<meta property=\"og:image\" content=\"https:\/\/hayaloglumobilya.com\/wp-content\/uploads\/2025\/07\/aryadugunkapak-1.jpg\" \/>\n\t<meta property=\"og:image:width\" content=\"1320\" \/>\n\t<meta property=\"og:image:height\" content=\"730\" \/>\n\t<meta property=\"og:image:type\" content=\"image\/jpeg\" \/>\n<meta name=\"twitter:card\" content=\"summary_large_image\" \/>\n<meta name=\"twitter:label1\" content=\"Tahmini okuma s\u00fcresi\" \/>\n\t<meta name=\"twitter:data1\" content=\"1 dakika\" \/>\n<script type=\"application\/ld+json\" class=\"yoast-schema-graph\">{\"@context\":\"https:\/\/schema.org\",\"@graph\":[{\"@type\":\"WebPage\",\"@id\":\"https:\/\/hayaloglumobilya.com\/index.php\/urun\/arya-dugun-paketi\/\",\"url\":\"https:\/\/hayaloglumobilya.com\/index.php\/urun\/arya-dugun-paketi\/\",\"name\":\"ARYA D\u00dc\u011e\u00dcN PAKET\u0130 - Hayalo\u011flu Mobilya\",\"isPartOf\":{\"@id\":\"https:\/\/hayaloglumobilya.com\/#website\"},\"primaryImageOfPage\":{\"@id\":\"https:\/\/hayaloglumobilya.com\/index.php\/urun\/arya-dugun-paketi\/#primaryimage\"},\"image\":{\"@id\":\"https:\/\/hayaloglumobilya.com\/index.php\/urun\/arya-dugun-paketi\/#primaryimage\"},\"thumbnailUrl\":\"https:\/\/hayaloglumobilya.com\/wp-content\/uploads\/2025\/07\/aryadugunkapak-1.jpg\",\"datePublished\":\"2025-07-20T14:52:48+00:00\",\"dateModified\":\"2025-12-19T19:05:05+00:00\",\"breadcrumb\":{\"@id\":\"https:\/\/hayaloglumobilya.com\/index.php\/urun\/arya-dugun-paketi\/#breadcrumb\"},\"inLanguage\":\"tr\",\"potentialAction\":[{\"@type\":\"ReadAction\",\"target\":[\"https:\/\/hayaloglumobilya.com\/index.php\/urun\/arya-dugun-paketi\/\"]}]},{\"@type\":\"ImageObject\",\"inLanguage\":\"tr\",\"@id\":\"https:\/\/hayaloglumobilya.com\/index.php\/urun\/arya-dugun-paketi\/#primaryimage\",\"url\":\"https:\/\/hayaloglumobilya.com\/wp-content\/uploads\/2025\/07\/aryadugunkapak-1.jpg\",\"contentUrl\":\"https:\/\/hayaloglumobilya.com\/wp-content\/uploads\/2025\/07\/aryadugunkapak-1.jpg\",\"width\":1320,\"height\":730},{\"@type\":\"BreadcrumbList\",\"@id\":\"https:\/\/hayaloglumobilya.com\/index.php\/urun\/arya-dugun-paketi\/#breadcrumb\",\"itemListElement\":[{\"@type\":\"ListItem\",\"position\":1,\"name\":\"Anasayfa\",\"item\":\"https:\/\/hayaloglumobilya.com\/\"},{\"@type\":\"ListItem\",\"position\":2,\"name\":\"Shop\",\"item\":\"https:\/\/hayaloglumobilya.com\/index.php\/shop\/\"},{\"@type\":\"ListItem\",\"position\":3,\"name\":\"ARYA D\u00dc\u011e\u00dcN PAKET\u0130\"}]},{\"@type\":\"WebSite\",\"@id\":\"https:\/\/hayaloglumobilya.com\/#website\",\"url\":\"https:\/\/hayaloglumobilya.com\/\",\"name\":\"Hayalo\u011flu Mobilya\",\"description\":\"\",\"potentialAction\":[{\"@type\":\"SearchAction\",\"target\":{\"@type\":\"EntryPoint\",\"urlTemplate\":\"https:\/\/hayaloglumobilya.com\/?s={search_term_string}\"},\"query-input\":{\"@type\":\"PropertyValueSpecification\",\"valueRequired\":true,\"valueName\":\"search_term_string\"}}],\"inLanguage\":\"tr\"}]}<\/script>\n<!-- \/ Yoast SEO plugin. -->","yoast_head_json":{"title":"ARYA D\u00dc\u011e\u00dcN PAKET\u0130 - Hayalo\u011flu Mobilya","robots":{"index":"index","follow":"follow","max-snippet":"max-snippet:-1","max-image-preview":"max-image-preview:large","max-video-preview":"max-video-preview:-1"},"canonical":"https:\/\/hayaloglumobilya.com\/index.php\/urun\/arya-dugun-paketi\/","og_locale":"tr_TR","og_type":"article","og_title":"ARYA D\u00dc\u011e\u00dcN PAKET\u0130 - Hayalo\u011flu Mobilya","og_description":"ARYA YATAK ODASI TAKIMI    TEKN\u0130K \u00d6ZELL\u0130KLER       TAKIM \u0130\u00c7ER\u0130\u011e\u0130 Gard\u0131rop \u2013 \u015eifonyer \u2013 Karyola (Bazal\u0131), Ba\u015fl\u0131k \u2013 2 Komodin   \u00dcR\u00dcN MALZEMES\u0130 Kaliteli MDF ve suntalem malzemeden \u00fcretilmi\u015ftir.   YATAK \u00d6L\u00c7\u00dcLER\u0130 160*200 d\u00fcr.   BA\u015eLIK RENK SE\u00c7ENE\u011e\u0130 Ba\u015fl\u0131k rengi sabittir.   FONKS\u0130YON \u00d6ZELL\u0130\u011e\u0130 Dolap 6 kapakl\u0131d\u0131r.   \u00dcR\u00dcN EKLEME Yatak opsiyoneldir.   \u00d6ZEL \u00d6L\u00c7\u00dc Sabit \u00f6l\u00e7\u00fcd\u00fcr de\u011fi\u015fmez.   GARANT\u0130 S\u00dcRES\u0130 2 y\u0131l \u00fcretici garantilidir.       \u00dcR\u00dcN \u00d6L\u00c7\u00dcLER\u0130       MOD\u00dcL GEN\u0130\u015eL\u0130K Y\u00dcKSEKL\u0130K DER\u0130NL\u0130K   GARDIROP 180 cm cm cm   \u015e\u0130FONYER 130cm 87cm 43 cm   KOMOD\u0130N 56cm 54cm cm   KARYOLA 170 cm 124 cm 208 cm    PARS YEMEK ODASI TAKIMI    TEKN\u0130K \u00d6ZELL\u0130KLER       TAKIM \u0130\u00c7ER\u0130\u011e\u0130 Bir konsol ve aynas\u0131, bir masa ve 6 sandalyeden olu\u015fmaktad\u0131r.   \u00dcR\u00dcN MALZEMES\u0130 Kaliteli MDF ve Suntalem malzemeden \u00fcretilmi\u015ftir.   SANDALYE KUMA\u015e RENK DE\u011e\u0130\u015e\u0130M\u0130 \u0130stedi\u011finiz rengi \u00fccretsiz se\u00e7ebilirsiniz.   FONKS\u0130YON \u00d6ZELL\u0130\u011e\u0130 Sabit masa   \u00dcR\u00dcN EKLEME TV \u00fcnitesi fiyata dahil de\u011fildir.   \u00d6ZEL \u00d6L\u00c7\u00dc Sabit \u00f6l\u00e7\u00fcd\u00fcr.   GARANT\u0130 S\u00dcRES\u0130 2 y\u0131l \u00fcretici garantilidir.       \u00dcR\u00dcN \u00d6L\u00c7\u00dcLER\u0130       MOD\u00dcL GEN\u0130\u015eL\u0130K Y\u00dcKSEKL\u0130K DER\u0130NL\u0130K   KONSOL 200cm 81cm 43cm   MASA 160 cm 78cm 90cm    OREO KOLTUK TAKIMI    TEKN\u0130K \u00d6ZELL\u0130KLER       TAKIM \u0130\u00c7ER\u0130\u011e\u0130 Tak\u0131m iki \u00fc\u00e7l\u00fc ve bir tekli koltuktan olu\u015fmaktad\u0131r.   \u0130SKELET MALZEMES\u0130 Birinci kalite f\u0131r\u0131nlanm\u0131\u015f g\u00fcrgen iskelettir.   S\u00dcNGER B\u0130LG\u0130S\u0130 32 dns s\u00fcnger kullan\u0131lm\u0131\u015ft\u0131r.   KUMA\u015e \u00d6ZELL\u0130\u011e\u0130 Kolay silinebilir kuma\u015f kullan\u0131lm\u0131\u015ft\u0131r.   RENK SE\u00c7\u0130M\u0130 Diledi\u011finiz rengi \u00fccretsiz se\u00e7ebilirsiniz.   AYAK \u00d6ZELL\u0130\u011e\u0130 Ah\u015fap ayak kullan\u0131lm\u0131\u015ft\u0131r   FONKS\u0130YON \u00d6ZELL\u0130\u011e\u0130 S\u0131rt\u0131 a\u00e7\u0131larak yatak olabilmektedir.   \u00d6ZEL \u00dcRET\u0130M \u00d6zel \u00fcretim i\u00e7in bize ula\u015fabilirsiniz.   GARANT\u0130 S\u00dcRES\u0130 2 y\u0131l \u00fcretici garantilidir.    &nbsp;    NAKL\u0130YE VE TESL\u0130MAT B\u0130LG\u0130LER\u0130       NAKL\u0130YE \u00dcCRETLER\u0130 Nakliye ve kurulum \u00fccretleri i\u00e7in ileti\u015fime ge\u00e7iniz.   TESL\u0130MAT TAR\u0130H\u0130 Sipari\u015f verildikten itibaren 25 g\u00fcnd\u00fcr.","og_url":"https:\/\/hayaloglumobilya.com\/index.php\/urun\/arya-dugun-paketi\/","og_site_name":"Hayalo\u011flu Mobilya","article_modified_time":"2025-12-19T19:05:05+00:00","og_image":[{"width":1320,"height":730,"url":"https:\/\/hayaloglumobilya.com\/wp-content\/uploads\/2025\/07\/aryadugunkapak-1.jpg","type":"image\/jpeg"}],"twitter_card":"summary_large_image","twitter_misc":{"Tahmini okuma s\u00fcresi":"1 dakika"},"schema":{"@context":"https:\/\/schema.org","@graph":[{"@type":"WebPage","@id":"https:\/\/hayaloglumobilya.com\/index.php\/urun\/arya-dugun-paketi\/","url":"https:\/\/hayaloglumobilya.com\/index.php\/urun\/arya-dugun-paketi\/","name":"ARYA D\u00dc\u011e\u00dcN PAKET\u0130 - Hayalo\u011flu Mobilya","isPartOf":{"@id":"https:\/\/hayaloglumobilya.com\/#website"},"primaryImageOfPage":{"@id":"https:\/\/hayaloglumobilya.com\/index.php\/urun\/arya-dugun-paketi\/#primaryimage"},"image":{"@id":"https:\/\/hayaloglumobilya.com\/index.php\/urun\/arya-dugun-paketi\/#primaryimage"},"thumbnailUrl":"https:\/\/hayaloglumobilya.com\/wp-content\/uploads\/2025\/07\/aryadugunkapak-1.jpg","datePublished":"2025-07-20T14:52:48+00:00","dateModified":"2025-12-19T19:05:05+00:00","breadcrumb":{"@id":"https:\/\/hayaloglumobilya.com\/index.php\/urun\/arya-dugun-paketi\/#breadcrumb"},"inLanguage":"tr","potentialAction":[{"@type":"ReadAction","target":["https:\/\/hayaloglumobilya.com\/index.php\/urun\/arya-dugun-paketi\/"]}]},{"@type":"ImageObject","inLanguage":"tr","@id":"https:\/\/hayaloglumobilya.com\/index.php\/urun\/arya-dugun-paketi\/#primaryimage","url":"https:\/\/hayaloglumobilya.com\/wp-content\/uploads\/2025\/07\/aryadugunkapak-1.jpg","contentUrl":"https:\/\/hayaloglumobilya.com\/wp-content\/uploads\/2025\/07\/aryadugunkapak-1.jpg","width":1320,"height":730},{"@type":"BreadcrumbList","@id":"https:\/\/hayaloglumobilya.com\/index.php\/urun\/arya-dugun-paketi\/#breadcrumb","itemListElement":[{"@type":"ListItem","position":1,"name":"Anasayfa","item":"https:\/\/hayaloglumobilya.com\/"},{"@type":"ListItem","position":2,"name":"Shop","item":"https:\/\/hayaloglumobilya.com\/index.php\/shop\/"},{"@type":"ListItem","position":3,"name":"ARYA D\u00dc\u011e\u00dcN PAKET\u0130"}]},{"@type":"WebSite","@id":"https:\/\/hayaloglumobilya.com\/#website","url":"https:\/\/hayaloglumobilya.com\/","name":"Hayalo\u011flu Mobilya","description":"","potentialAction":[{"@type":"SearchAction","target":{"@type":"EntryPoint","urlTemplate":"https:\/\/hayaloglumobilya.com\/?s={search_term_string}"},"query-input":{"@type":"PropertyValueSpecification","valueRequired":true,"valueName":"search_term_string"}}],"inLanguage":"tr"}]}},"_links":{"self":[{"href":"https:\/\/hayaloglumobilya.com\/index.php\/wp-json\/wp\/v2\/product\/19720","targetHints":{"allow":["GET"]}}],"collection":[{"href":"https:\/\/hayaloglumobilya.com\/index.php\/wp-json\/wp\/v2\/product"}],"about":[{"href":"https:\/\/hayaloglumobilya.com\/index.php\/wp-json\/wp\/v2\/types\/product"}],"replies":[{"embeddable":true,"href":"https:\/\/hayaloglumobilya.com\/index.php\/wp-json\/wp\/v2\/comments?post=19720"}],"version-history":[{"count":1,"href":"https:\/\/hayaloglumobilya.com\/index.php\/wp-json\/wp\/v2\/product\/19720\/revisions"}],"predecessor-version":[{"id":19733,"href":"https:\/\/hayaloglumobilya.com\/index.php\/wp-json\/wp\/v2\/product\/19720\/revisions\/19733"}],"wp:featuredmedia":[{"embeddable":true,"href":"https:\/\/hayaloglumobilya.com\/index.php\/wp-json\/wp\/v2\/media\/19851"}],"wp:attachment":[{"href":"https:\/\/hayaloglumobilya.com\/index.php\/wp-json\/wp\/v2\/media?parent=19720"}],"wp:term":[{"taxonomy":"product_brand","embeddable":true,"href":"https:\/\/hayaloglumobilya.com\/index.php\/wp-json\/wp\/v2\/product_brand?post=19720"},{"taxonomy":"product_cat","embeddable":true,"href":"https:\/\/hayaloglumobilya.com\/index.php\/wp-json\/wp\/v2\/product_cat?post=19720"},{"taxonomy":"product_tag","embeddable":true,"href":"https:\/\/hayaloglumobilya.com\/index.php\/wp-json\/wp\/v2\/product_tag?post=19720"}],"curies":[{"name":"wp","href":"https:\/\/api.w.org\/{rel}","templated":true}]}}