{"id":19916,"date":"2025-09-09T11:45:45","date_gmt":"2025-09-09T08:45:45","guid":{"rendered":"https:\/\/hayaloglumobilya.com\/?post_type=product&#038;p=19916"},"modified":"2026-04-06T16:58:32","modified_gmt":"2026-04-06T13:58:32","slug":"nergis-koltuk-takimi","status":"publish","type":"product","link":"https:\/\/hayaloglumobilya.com\/index.php\/urun\/nergis-koltuk-takimi\/","title":{"rendered":"NERG\u0130S KOLTUK TAKIMI"},"content":{"rendered":"<div class=\"elementor-element elementor-element-6b14eb8 elementor-widget elementor-widget-wd_text_block\" data-id=\"6b14eb8\" data-element_type=\"widget\" data-widget_type=\"wd_text_block.default\">\n<div class=\"elementor-widget-container\">\n<div class=\"wd-text-block reset-last-child text-left\">\n<p>\u00dcr\u00fcn \u00d6zellikleri<\/p>\n<\/div>\n<\/div>\n<\/div>\n<div class=\"elementor-element elementor-element-334e79f elementor-widget elementor-widget-wd_text_block\" data-id=\"334e79f\" data-element_type=\"widget\" data-widget_type=\"wd_text_block.default\">\n<div class=\"elementor-widget-container\">\n<div class=\"wd-text-block reset-last-child text-left\">\n<div class=\"woocommerce-product-details__short-description\">\n<ul>\n<li>EV\u0130N\u0130ZE \u015eIKLIK KATACAK NERG\u0130S KOLTUK TAKIMI<\/li>\n<li>2 YIL \u00dcRET\u0130C\u0130 GARANT\u0130L\u0130<\/li>\n<li>KOLAY S\u0130L\u0130NEB\u0130L\u0130R \u0130THAL KUMA\u015e KULLANILMI\u015eTIR<\/li>\n<li>\u00dcCRETS\u0130Z RENK DE\u011e\u0130\u015e\u0130M\u0130 YAPAB\u0130L\u0130RS\u0130N\u0130Z<\/li>\n<li>KUMA\u015e RENKLER\u0130 \u0130\u00c7\u0130N B\u0130ZE ULA\u015eAB\u0130L\u0130RS\u0130N\u0130Z<\/li>\n<li>\u00dcR\u00dcN\u00dcN M\u00dc\u015eTER\u0130 EV\u0130 G\u00d6RSELLER\u0130NE WHATSAPP HATTIMIZDAN ULA\u015eAB\u0130L\u0130RS\u0130N\u0130Z<\/li>\n<\/ul>\n<\/div>\n<\/div>\n<\/div>\n<\/div>\n","protected":false},"excerpt":{"rendered":"<p>\u00dcr\u00fcn \u00d6zellikleri EV\u0130N\u0130ZE \u015eIKLIK KATACAK NERG\u0130S KOLTUK TAKIMI 2 YIL \u00dcRET\u0130C\u0130 GARANT\u0130L\u0130 KOLAY S\u0130L\u0130NEB\u0130L\u0130R \u0130THAL KUMA\u015e KULLANILMI\u015eTIR \u00dcCRETS\u0130Z RENK DE\u011e\u0130\u015e\u0130M\u0130<\/p>\n","protected":false},"featured_media":19917,"comment_status":"open","ping_status":"closed","template":"","meta":[],"product_brand":[111],"product_cat":[75],"product_tag":[],"class_list":{"0":"post-19916","1":"product","2":"type-product","3":"status-publish","4":"has-post-thumbnail","6":"product_brand-bay-demir-koltuk","7":"product_cat-koltuk","9":"first","10":"instock","11":"shipping-taxable","12":"purchasable","13":"product-type-simple"},"yoast_head":"<!-- This site is optimized with the Yoast SEO plugin v25.0 - https:\/\/yoast.com\/wordpress\/plugins\/seo\/ -->\n<title>NERG\u0130S KOLTUK TAKIMI - Hayalo\u011flu Mobilya<\/title>\n<meta name=\"robots\" content=\"index, follow, max-snippet:-1, max-image-preview:large, max-video-preview:-1\" \/>\n<link rel=\"canonical\" href=\"https:\/\/hayaloglumobilya.com\/index.php\/urun\/nergis-koltuk-takimi\/\" \/>\n<meta property=\"og:locale\" content=\"tr_TR\" \/>\n<meta property=\"og:type\" content=\"article\" \/>\n<meta property=\"og:title\" content=\"NERG\u0130S KOLTUK TAKIMI - Hayalo\u011flu Mobilya\" \/>\n<meta property=\"og:description\" content=\"\u00dcr\u00fcn \u00d6zellikleri EV\u0130N\u0130ZE \u015eIKLIK KATACAK NERG\u0130S KOLTUK TAKIMI 2 YIL \u00dcRET\u0130C\u0130 GARANT\u0130L\u0130 KOLAY S\u0130L\u0130NEB\u0130L\u0130R \u0130THAL KUMA\u015e KULLANILMI\u015eTIR \u00dcCRETS\u0130Z RENK DE\u011e\u0130\u015e\u0130M\u0130\" \/>\n<meta property=\"og:url\" content=\"https:\/\/hayaloglumobilya.com\/index.php\/urun\/nergis-koltuk-takimi\/\" \/>\n<meta property=\"og:site_name\" content=\"Hayalo\u011flu Mobilya\" \/>\n<meta property=\"article:modified_time\" content=\"2026-04-06T13:58:32+00:00\" \/>\n<meta property=\"og:image\" content=\"https:\/\/hayaloglumobilya.com\/wp-content\/uploads\/2025\/09\/IMG-20250513-WA0050.jpg\" \/>\n\t<meta property=\"og:image:width\" content=\"1600\" \/>\n\t<meta property=\"og:image:height\" content=\"1170\" \/>\n\t<meta property=\"og:image:type\" content=\"image\/jpeg\" \/>\n<meta name=\"twitter:card\" content=\"summary_large_image\" \/>\n<meta name=\"twitter:label1\" content=\"Tahmini okuma s\u00fcresi\" \/>\n\t<meta name=\"twitter:data1\" content=\"1 dakika\" \/>\n<script type=\"application\/ld+json\" class=\"yoast-schema-graph\">{\"@context\":\"https:\/\/schema.org\",\"@graph\":[{\"@type\":\"WebPage\",\"@id\":\"https:\/\/hayaloglumobilya.com\/index.php\/urun\/nergis-koltuk-takimi\/\",\"url\":\"https:\/\/hayaloglumobilya.com\/index.php\/urun\/nergis-koltuk-takimi\/\",\"name\":\"NERG\u0130S KOLTUK TAKIMI - Hayalo\u011flu Mobilya\",\"isPartOf\":{\"@id\":\"https:\/\/hayaloglumobilya.com\/#website\"},\"primaryImageOfPage\":{\"@id\":\"https:\/\/hayaloglumobilya.com\/index.php\/urun\/nergis-koltuk-takimi\/#primaryimage\"},\"image\":{\"@id\":\"https:\/\/hayaloglumobilya.com\/index.php\/urun\/nergis-koltuk-takimi\/#primaryimage\"},\"thumbnailUrl\":\"https:\/\/hayaloglumobilya.com\/wp-content\/uploads\/2025\/09\/IMG-20250513-WA0050.jpg\",\"datePublished\":\"2025-09-09T08:45:45+00:00\",\"dateModified\":\"2026-04-06T13:58:32+00:00\",\"breadcrumb\":{\"@id\":\"https:\/\/hayaloglumobilya.com\/index.php\/urun\/nergis-koltuk-takimi\/#breadcrumb\"},\"inLanguage\":\"tr\",\"potentialAction\":[{\"@type\":\"ReadAction\",\"target\":[\"https:\/\/hayaloglumobilya.com\/index.php\/urun\/nergis-koltuk-takimi\/\"]}]},{\"@type\":\"ImageObject\",\"inLanguage\":\"tr\",\"@id\":\"https:\/\/hayaloglumobilya.com\/index.php\/urun\/nergis-koltuk-takimi\/#primaryimage\",\"url\":\"https:\/\/hayaloglumobilya.com\/wp-content\/uploads\/2025\/09\/IMG-20250513-WA0050.jpg\",\"contentUrl\":\"https:\/\/hayaloglumobilya.com\/wp-content\/uploads\/2025\/09\/IMG-20250513-WA0050.jpg\",\"width\":1600,\"height\":1170},{\"@type\":\"BreadcrumbList\",\"@id\":\"https:\/\/hayaloglumobilya.com\/index.php\/urun\/nergis-koltuk-takimi\/#breadcrumb\",\"itemListElement\":[{\"@type\":\"ListItem\",\"position\":1,\"name\":\"Anasayfa\",\"item\":\"https:\/\/hayaloglumobilya.com\/\"},{\"@type\":\"ListItem\",\"position\":2,\"name\":\"Shop\",\"item\":\"https:\/\/hayaloglumobilya.com\/index.php\/shop\/\"},{\"@type\":\"ListItem\",\"position\":3,\"name\":\"NERG\u0130S KOLTUK TAKIMI\"}]},{\"@type\":\"WebSite\",\"@id\":\"https:\/\/hayaloglumobilya.com\/#website\",\"url\":\"https:\/\/hayaloglumobilya.com\/\",\"name\":\"Hayalo\u011flu Mobilya\",\"description\":\"\",\"potentialAction\":[{\"@type\":\"SearchAction\",\"target\":{\"@type\":\"EntryPoint\",\"urlTemplate\":\"https:\/\/hayaloglumobilya.com\/?s={search_term_string}\"},\"query-input\":{\"@type\":\"PropertyValueSpecification\",\"valueRequired\":true,\"valueName\":\"search_term_string\"}}],\"inLanguage\":\"tr\"}]}<\/script>\n<!-- \/ Yoast SEO plugin. -->","yoast_head_json":{"title":"NERG\u0130S KOLTUK TAKIMI - Hayalo\u011flu Mobilya","robots":{"index":"index","follow":"follow","max-snippet":"max-snippet:-1","max-image-preview":"max-image-preview:large","max-video-preview":"max-video-preview:-1"},"canonical":"https:\/\/hayaloglumobilya.com\/index.php\/urun\/nergis-koltuk-takimi\/","og_locale":"tr_TR","og_type":"article","og_title":"NERG\u0130S KOLTUK TAKIMI - Hayalo\u011flu Mobilya","og_description":"\u00dcr\u00fcn \u00d6zellikleri EV\u0130N\u0130ZE \u015eIKLIK KATACAK NERG\u0130S KOLTUK TAKIMI 2 YIL \u00dcRET\u0130C\u0130 GARANT\u0130L\u0130 KOLAY S\u0130L\u0130NEB\u0130L\u0130R \u0130THAL KUMA\u015e KULLANILMI\u015eTIR \u00dcCRETS\u0130Z RENK DE\u011e\u0130\u015e\u0130M\u0130","og_url":"https:\/\/hayaloglumobilya.com\/index.php\/urun\/nergis-koltuk-takimi\/","og_site_name":"Hayalo\u011flu Mobilya","article_modified_time":"2026-04-06T13:58:32+00:00","og_image":[{"width":1600,"height":1170,"url":"https:\/\/hayaloglumobilya.com\/wp-content\/uploads\/2025\/09\/IMG-20250513-WA0050.jpg","type":"image\/jpeg"}],"twitter_card":"summary_large_image","twitter_misc":{"Tahmini okuma s\u00fcresi":"1 dakika"},"schema":{"@context":"https:\/\/schema.org","@graph":[{"@type":"WebPage","@id":"https:\/\/hayaloglumobilya.com\/index.php\/urun\/nergis-koltuk-takimi\/","url":"https:\/\/hayaloglumobilya.com\/index.php\/urun\/nergis-koltuk-takimi\/","name":"NERG\u0130S KOLTUK TAKIMI - Hayalo\u011flu Mobilya","isPartOf":{"@id":"https:\/\/hayaloglumobilya.com\/#website"},"primaryImageOfPage":{"@id":"https:\/\/hayaloglumobilya.com\/index.php\/urun\/nergis-koltuk-takimi\/#primaryimage"},"image":{"@id":"https:\/\/hayaloglumobilya.com\/index.php\/urun\/nergis-koltuk-takimi\/#primaryimage"},"thumbnailUrl":"https:\/\/hayaloglumobilya.com\/wp-content\/uploads\/2025\/09\/IMG-20250513-WA0050.jpg","datePublished":"2025-09-09T08:45:45+00:00","dateModified":"2026-04-06T13:58:32+00:00","breadcrumb":{"@id":"https:\/\/hayaloglumobilya.com\/index.php\/urun\/nergis-koltuk-takimi\/#breadcrumb"},"inLanguage":"tr","potentialAction":[{"@type":"ReadAction","target":["https:\/\/hayaloglumobilya.com\/index.php\/urun\/nergis-koltuk-takimi\/"]}]},{"@type":"ImageObject","inLanguage":"tr","@id":"https:\/\/hayaloglumobilya.com\/index.php\/urun\/nergis-koltuk-takimi\/#primaryimage","url":"https:\/\/hayaloglumobilya.com\/wp-content\/uploads\/2025\/09\/IMG-20250513-WA0050.jpg","contentUrl":"https:\/\/hayaloglumobilya.com\/wp-content\/uploads\/2025\/09\/IMG-20250513-WA0050.jpg","width":1600,"height":1170},{"@type":"BreadcrumbList","@id":"https:\/\/hayaloglumobilya.com\/index.php\/urun\/nergis-koltuk-takimi\/#breadcrumb","itemListElement":[{"@type":"ListItem","position":1,"name":"Anasayfa","item":"https:\/\/hayaloglumobilya.com\/"},{"@type":"ListItem","position":2,"name":"Shop","item":"https:\/\/hayaloglumobilya.com\/index.php\/shop\/"},{"@type":"ListItem","position":3,"name":"NERG\u0130S KOLTUK TAKIMI"}]},{"@type":"WebSite","@id":"https:\/\/hayaloglumobilya.com\/#website","url":"https:\/\/hayaloglumobilya.com\/","name":"Hayalo\u011flu Mobilya","description":"","potentialAction":[{"@type":"SearchAction","target":{"@type":"EntryPoint","urlTemplate":"https:\/\/hayaloglumobilya.com\/?s={search_term_string}"},"query-input":{"@type":"PropertyValueSpecification","valueRequired":true,"valueName":"search_term_string"}}],"inLanguage":"tr"}]}},"_links":{"self":[{"href":"https:\/\/hayaloglumobilya.com\/index.php\/wp-json\/wp\/v2\/product\/19916","targetHints":{"allow":["GET"]}}],"collection":[{"href":"https:\/\/hayaloglumobilya.com\/index.php\/wp-json\/wp\/v2\/product"}],"about":[{"href":"https:\/\/hayaloglumobilya.com\/index.php\/wp-json\/wp\/v2\/types\/product"}],"replies":[{"embeddable":true,"href":"https:\/\/hayaloglumobilya.com\/index.php\/wp-json\/wp\/v2\/comments?post=19916"}],"version-history":[{"count":1,"href":"https:\/\/hayaloglumobilya.com\/index.php\/wp-json\/wp\/v2\/product\/19916\/revisions"}],"predecessor-version":[{"id":19925,"href":"https:\/\/hayaloglumobilya.com\/index.php\/wp-json\/wp\/v2\/product\/19916\/revisions\/19925"}],"wp:featuredmedia":[{"embeddable":true,"href":"https:\/\/hayaloglumobilya.com\/index.php\/wp-json\/wp\/v2\/media\/19917"}],"wp:attachment":[{"href":"https:\/\/hayaloglumobilya.com\/index.php\/wp-json\/wp\/v2\/media?parent=19916"}],"wp:term":[{"taxonomy":"product_brand","embeddable":true,"href":"https:\/\/hayaloglumobilya.com\/index.php\/wp-json\/wp\/v2\/product_brand?post=19916"},{"taxonomy":"product_cat","embeddable":true,"href":"https:\/\/hayaloglumobilya.com\/index.php\/wp-json\/wp\/v2\/product_cat?post=19916"},{"taxonomy":"product_tag","embeddable":true,"href":"https:\/\/hayaloglumobilya.com\/index.php\/wp-json\/wp\/v2\/product_tag?post=19916"}],"curies":[{"name":"wp","href":"https:\/\/api.w.org\/{rel}","templated":true}]}}