{"id":19963,"date":"2025-09-09T12:06:43","date_gmt":"2025-09-09T09:06:43","guid":{"rendered":"https:\/\/hayaloglumobilya.com\/?post_type=product&#038;p=19963"},"modified":"2025-09-09T12:07:31","modified_gmt":"2025-09-09T09:07:31","slug":"palermo-yatak-odasi-takimi","status":"publish","type":"product","link":"https:\/\/hayaloglumobilya.com\/index.php\/urun\/palermo-yatak-odasi-takimi\/","title":{"rendered":"PALERMO YATAK ODASI TAKIMI"},"content":{"rendered":"<div class=\"elementor-element elementor-element-6b14eb8 elementor-widget elementor-widget-wd_text_block\" data-id=\"6b14eb8\" data-element_type=\"widget\" data-widget_type=\"wd_text_block.default\">\n<div class=\"elementor-widget-container\">\n<div class=\"wd-text-block reset-last-child text-left\">\n<p>\u00dcr\u00fcn \u00d6zellikleri<\/p>\n<\/div>\n<\/div>\n<\/div>\n<div class=\"elementor-element elementor-element-334e79f elementor-widget elementor-widget-wd_text_block\" data-id=\"334e79f\" data-element_type=\"widget\" data-widget_type=\"wd_text_block.default\">\n<div class=\"elementor-widget-container\">\n<div class=\"wd-text-block reset-last-child text-left\">\n<div class=\"woocommerce-product-details__short-description\">\n<ul>\n<li>MODERN TARZIYLA PALERMO YATAK ODASI TAKIMI<\/li>\n<li>\u00dcR\u00dcN\u00dcN M\u00dc\u015eTER\u0130 EV\u0130 G\u00d6RSELLER\u0130NE WHATSAPP HATTIMIZDAN ULA\u015eAB\u0130L\u0130RS\u0130N\u0130Z<\/li>\n<\/ul>\n<\/div>\n<\/div>\n<\/div>\n<\/div>\n","protected":false},"excerpt":{"rendered":"<table class=\"table table-bordered\">\n<tbody>\n<tr>\n<td><b>TEKN\u0130K \u00d6ZELL\u0130KLER<\/b><\/td>\n<\/tr>\n<\/tbody>\n<\/table>\n<table class=\"table table-bordered\">\n<tbody>\n<tr>\n<td><b>TAKIM \u0130\u00c7ER\u0130\u011e\u0130<\/b><\/td>\n<td>Gard\u0131rop \u2013 \u015eifonyer \u2013 Karyola (Bazal\u0131), Ba\u015fl\u0131k \u2013 2 Komodin<\/td>\n<\/tr>\n<tr>\n<td><b>\u00dcR\u00dcN MALZEMES\u0130<\/b><\/td>\n<td>Kaliteli MDF ve suntalem malzemeden \u00fcretilmi\u015ftir.<\/td>\n<\/tr>\n<tr>\n<td><b>YATAK \u00d6L\u00c7\u00dcLER\u0130<\/b><\/td>\n<td>160*200 d\u00fcr.<\/td>\n<\/tr>\n<tr>\n<td><b>BA\u015eLIK RENK SE\u00c7ENE\u011e\u0130<\/b><\/td>\n<td>Ba\u015fl\u0131k rengi sabittir.<\/td>\n<\/tr>\n<tr>\n<td><b>FONKS\u0130YON \u00d6ZELL\u0130\u011e\u0130<\/b><\/td>\n<td>Dolap 6 kapakl\u0131d\u0131r.<\/td>\n<\/tr>\n<tr>\n<td><b>\u00dcR\u00dcN EKLEME<\/b><\/td>\n<td>Yatak opsiyoneldir.<\/td>\n<\/tr>\n<tr>\n<td><b>\u00d6ZEL \u00d6L\u00c7\u00dc<\/b><\/td>\n<td>Sabit \u00f6l\u00e7\u00fcd\u00fcr de\u011fi\u015fmez.<\/td>\n<\/tr>\n<tr>\n<td><b>GARANT\u0130 S\u00dcRES\u0130<\/b><\/td>\n<td>2 y\u0131l \u00fcretici garantilidir.<\/td>\n<\/tr>\n<\/tbody>\n<\/table>\n<table class=\"table table-bordered\">\n<tbody>\n<tr>\n<td><strong><b>\u00dcR\u00dcN \u00d6L\u00c7\u00dcLER\u0130<\/b><\/strong><\/td>\n<\/tr>\n<\/tbody>\n<\/table>\n<table class=\"table table-bordered\">\n<tbody>\n<tr>\n<td><b>MOD\u00dcL<\/b><\/td>\n<td><b>GEN\u0130\u015eL\u0130K<\/b><\/td>\n<td><b>Y\u00dcKSEKL\u0130K<\/b><\/td>\n<td><b>DER\u0130NL\u0130K<\/b><\/td>\n<\/tr>\n<tr>\n<td><b>GARDIROP<\/b><\/td>\n<td>260 cm<\/td>\n<td>217 cm<\/td>\n<td>60 cm<\/td>\n<\/tr>\n<tr>\n<td><b>\u015e\u0130FONYER<\/b><\/td>\n<td>121 cm<\/td>\n<td>80 cm<\/td>\n<td>42 cm<\/td>\n<\/tr>\n<tr>\n<td><b>KOMOD\u0130N<\/b><\/td>\n<td>60 cm<\/td>\n<td>43 cm<\/td>\n<td>50 cm<\/td>\n<\/tr>\n<tr>\n<td><b>KARYOLA<\/b><\/td>\n<td>&#8211; cm<\/td>\n<td>&#8211; cm<\/td>\n<td>&#8211; cm<\/td>\n<\/tr>\n<\/tbody>\n<\/table>\n<table class=\"table table-bordered\">\n<tbody>\n<tr>\n<td><b>NAKL\u0130YE VE TESL\u0130MAT B\u0130LG\u0130LER\u0130<\/b><\/td>\n<\/tr>\n<\/tbody>\n<\/table>\n<table class=\"table table-bordered\">\n<tbody>\n<tr>\n<td><b>NAKL\u0130YE \u00dcCRETLER\u0130<\/b><\/td>\n<td>Nakliye ve kurulum \u00fccretleri i\u00e7in ileti\u015fime ge\u00e7iniz<\/td>\n<\/tr>\n<tr>\n<td><b>TESL\u0130MAT TAR\u0130H\u0130<\/b><\/td>\n<td>Sipari\u015f verildikten itibaren 30 g\u00fcnd\u00fcr<\/td>\n<\/tr>\n<\/tbody>\n<\/table>\n","protected":false},"featured_media":19964,"comment_status":"open","ping_status":"closed","template":"","meta":[],"product_brand":[],"product_cat":[76],"product_tag":[],"class_list":{"0":"post-19963","1":"product","2":"type-product","3":"status-publish","4":"has-post-thumbnail","6":"product_cat-yatak-odasi","8":"first","9":"instock","10":"shipping-taxable","11":"purchasable","12":"product-type-simple"},"yoast_head":"<!-- This site is optimized with the Yoast SEO plugin v25.0 - https:\/\/yoast.com\/wordpress\/plugins\/seo\/ -->\n<title>PALERMO YATAK ODASI TAKIMI - Hayalo\u011flu Mobilya<\/title>\n<meta name=\"robots\" content=\"index, follow, max-snippet:-1, max-image-preview:large, max-video-preview:-1\" \/>\n<link rel=\"canonical\" href=\"https:\/\/hayaloglumobilya.com\/index.php\/urun\/palermo-yatak-odasi-takimi\/\" \/>\n<meta property=\"og:locale\" content=\"tr_TR\" \/>\n<meta property=\"og:type\" content=\"article\" \/>\n<meta property=\"og:title\" content=\"PALERMO YATAK ODASI TAKIMI - Hayalo\u011flu Mobilya\" \/>\n<meta property=\"og:description\" content=\"TEKN\u0130K \u00d6ZELL\u0130KLER       TAKIM \u0130\u00c7ER\u0130\u011e\u0130 Gard\u0131rop \u2013 \u015eifonyer \u2013 Karyola (Bazal\u0131), Ba\u015fl\u0131k \u2013 2 Komodin   \u00dcR\u00dcN MALZEMES\u0130 Kaliteli MDF ve suntalem malzemeden \u00fcretilmi\u015ftir.   YATAK \u00d6L\u00c7\u00dcLER\u0130 160*200 d\u00fcr.   BA\u015eLIK RENK SE\u00c7ENE\u011e\u0130 Ba\u015fl\u0131k rengi sabittir.   FONKS\u0130YON \u00d6ZELL\u0130\u011e\u0130 Dolap 6 kapakl\u0131d\u0131r.   \u00dcR\u00dcN EKLEME Yatak opsiyoneldir.   \u00d6ZEL \u00d6L\u00c7\u00dc Sabit \u00f6l\u00e7\u00fcd\u00fcr de\u011fi\u015fmez.   GARANT\u0130 S\u00dcRES\u0130 2 y\u0131l \u00fcretici garantilidir.       \u00dcR\u00dcN \u00d6L\u00c7\u00dcLER\u0130       MOD\u00dcL GEN\u0130\u015eL\u0130K Y\u00dcKSEKL\u0130K DER\u0130NL\u0130K   GARDIROP 260 cm 217 cm 60 cm   \u015e\u0130FONYER 121 cm 80 cm 42 cm   KOMOD\u0130N 60 cm 43 cm 50 cm   KARYOLA - cm - cm - cm       NAKL\u0130YE VE TESL\u0130MAT B\u0130LG\u0130LER\u0130       NAKL\u0130YE \u00dcCRETLER\u0130 Nakliye ve kurulum \u00fccretleri i\u00e7in ileti\u015fime ge\u00e7iniz   TESL\u0130MAT TAR\u0130H\u0130 Sipari\u015f verildikten itibaren 30 g\u00fcnd\u00fcr\" \/>\n<meta property=\"og:url\" content=\"https:\/\/hayaloglumobilya.com\/index.php\/urun\/palermo-yatak-odasi-takimi\/\" \/>\n<meta property=\"og:site_name\" content=\"Hayalo\u011flu Mobilya\" \/>\n<meta property=\"article:modified_time\" content=\"2025-09-09T09:07:31+00:00\" \/>\n<meta property=\"og:image\" content=\"https:\/\/hayaloglumobilya.com\/wp-content\/uploads\/2025\/09\/IMG-20250302-WA0052.jpg\" \/>\n\t<meta property=\"og:image:width\" content=\"1600\" \/>\n\t<meta property=\"og:image:height\" content=\"1200\" \/>\n\t<meta property=\"og:image:type\" content=\"image\/jpeg\" \/>\n<meta name=\"twitter:card\" content=\"summary_large_image\" \/>\n<meta name=\"twitter:label1\" content=\"Tahmini okuma s\u00fcresi\" \/>\n\t<meta name=\"twitter:data1\" content=\"1 dakika\" \/>\n<script type=\"application\/ld+json\" class=\"yoast-schema-graph\">{\"@context\":\"https:\/\/schema.org\",\"@graph\":[{\"@type\":\"WebPage\",\"@id\":\"https:\/\/hayaloglumobilya.com\/index.php\/urun\/palermo-yatak-odasi-takimi\/\",\"url\":\"https:\/\/hayaloglumobilya.com\/index.php\/urun\/palermo-yatak-odasi-takimi\/\",\"name\":\"PALERMO YATAK ODASI TAKIMI - Hayalo\u011flu Mobilya\",\"isPartOf\":{\"@id\":\"https:\/\/hayaloglumobilya.com\/#website\"},\"primaryImageOfPage\":{\"@id\":\"https:\/\/hayaloglumobilya.com\/index.php\/urun\/palermo-yatak-odasi-takimi\/#primaryimage\"},\"image\":{\"@id\":\"https:\/\/hayaloglumobilya.com\/index.php\/urun\/palermo-yatak-odasi-takimi\/#primaryimage\"},\"thumbnailUrl\":\"https:\/\/hayaloglumobilya.com\/wp-content\/uploads\/2025\/09\/IMG-20250302-WA0052.jpg\",\"datePublished\":\"2025-09-09T09:06:43+00:00\",\"dateModified\":\"2025-09-09T09:07:31+00:00\",\"breadcrumb\":{\"@id\":\"https:\/\/hayaloglumobilya.com\/index.php\/urun\/palermo-yatak-odasi-takimi\/#breadcrumb\"},\"inLanguage\":\"tr\",\"potentialAction\":[{\"@type\":\"ReadAction\",\"target\":[\"https:\/\/hayaloglumobilya.com\/index.php\/urun\/palermo-yatak-odasi-takimi\/\"]}]},{\"@type\":\"ImageObject\",\"inLanguage\":\"tr\",\"@id\":\"https:\/\/hayaloglumobilya.com\/index.php\/urun\/palermo-yatak-odasi-takimi\/#primaryimage\",\"url\":\"https:\/\/hayaloglumobilya.com\/wp-content\/uploads\/2025\/09\/IMG-20250302-WA0052.jpg\",\"contentUrl\":\"https:\/\/hayaloglumobilya.com\/wp-content\/uploads\/2025\/09\/IMG-20250302-WA0052.jpg\",\"width\":1600,\"height\":1200},{\"@type\":\"BreadcrumbList\",\"@id\":\"https:\/\/hayaloglumobilya.com\/index.php\/urun\/palermo-yatak-odasi-takimi\/#breadcrumb\",\"itemListElement\":[{\"@type\":\"ListItem\",\"position\":1,\"name\":\"Anasayfa\",\"item\":\"https:\/\/hayaloglumobilya.com\/\"},{\"@type\":\"ListItem\",\"position\":2,\"name\":\"Shop\",\"item\":\"https:\/\/hayaloglumobilya.com\/index.php\/shop\/\"},{\"@type\":\"ListItem\",\"position\":3,\"name\":\"PALERMO YATAK ODASI TAKIMI\"}]},{\"@type\":\"WebSite\",\"@id\":\"https:\/\/hayaloglumobilya.com\/#website\",\"url\":\"https:\/\/hayaloglumobilya.com\/\",\"name\":\"Hayalo\u011flu Mobilya\",\"description\":\"\",\"potentialAction\":[{\"@type\":\"SearchAction\",\"target\":{\"@type\":\"EntryPoint\",\"urlTemplate\":\"https:\/\/hayaloglumobilya.com\/?s={search_term_string}\"},\"query-input\":{\"@type\":\"PropertyValueSpecification\",\"valueRequired\":true,\"valueName\":\"search_term_string\"}}],\"inLanguage\":\"tr\"}]}<\/script>\n<!-- \/ Yoast SEO plugin. -->","yoast_head_json":{"title":"PALERMO YATAK ODASI TAKIMI - Hayalo\u011flu Mobilya","robots":{"index":"index","follow":"follow","max-snippet":"max-snippet:-1","max-image-preview":"max-image-preview:large","max-video-preview":"max-video-preview:-1"},"canonical":"https:\/\/hayaloglumobilya.com\/index.php\/urun\/palermo-yatak-odasi-takimi\/","og_locale":"tr_TR","og_type":"article","og_title":"PALERMO YATAK ODASI TAKIMI - Hayalo\u011flu Mobilya","og_description":"TEKN\u0130K \u00d6ZELL\u0130KLER       TAKIM \u0130\u00c7ER\u0130\u011e\u0130 Gard\u0131rop \u2013 \u015eifonyer \u2013 Karyola (Bazal\u0131), Ba\u015fl\u0131k \u2013 2 Komodin   \u00dcR\u00dcN MALZEMES\u0130 Kaliteli MDF ve suntalem malzemeden \u00fcretilmi\u015ftir.   YATAK \u00d6L\u00c7\u00dcLER\u0130 160*200 d\u00fcr.   BA\u015eLIK RENK SE\u00c7ENE\u011e\u0130 Ba\u015fl\u0131k rengi sabittir.   FONKS\u0130YON \u00d6ZELL\u0130\u011e\u0130 Dolap 6 kapakl\u0131d\u0131r.   \u00dcR\u00dcN EKLEME Yatak opsiyoneldir.   \u00d6ZEL \u00d6L\u00c7\u00dc Sabit \u00f6l\u00e7\u00fcd\u00fcr de\u011fi\u015fmez.   GARANT\u0130 S\u00dcRES\u0130 2 y\u0131l \u00fcretici garantilidir.       \u00dcR\u00dcN \u00d6L\u00c7\u00dcLER\u0130       MOD\u00dcL GEN\u0130\u015eL\u0130K Y\u00dcKSEKL\u0130K DER\u0130NL\u0130K   GARDIROP 260 cm 217 cm 60 cm   \u015e\u0130FONYER 121 cm 80 cm 42 cm   KOMOD\u0130N 60 cm 43 cm 50 cm   KARYOLA - cm - cm - cm       NAKL\u0130YE VE TESL\u0130MAT B\u0130LG\u0130LER\u0130       NAKL\u0130YE \u00dcCRETLER\u0130 Nakliye ve kurulum \u00fccretleri i\u00e7in ileti\u015fime ge\u00e7iniz   TESL\u0130MAT TAR\u0130H\u0130 Sipari\u015f verildikten itibaren 30 g\u00fcnd\u00fcr","og_url":"https:\/\/hayaloglumobilya.com\/index.php\/urun\/palermo-yatak-odasi-takimi\/","og_site_name":"Hayalo\u011flu Mobilya","article_modified_time":"2025-09-09T09:07:31+00:00","og_image":[{"width":1600,"height":1200,"url":"https:\/\/hayaloglumobilya.com\/wp-content\/uploads\/2025\/09\/IMG-20250302-WA0052.jpg","type":"image\/jpeg"}],"twitter_card":"summary_large_image","twitter_misc":{"Tahmini okuma s\u00fcresi":"1 dakika"},"schema":{"@context":"https:\/\/schema.org","@graph":[{"@type":"WebPage","@id":"https:\/\/hayaloglumobilya.com\/index.php\/urun\/palermo-yatak-odasi-takimi\/","url":"https:\/\/hayaloglumobilya.com\/index.php\/urun\/palermo-yatak-odasi-takimi\/","name":"PALERMO YATAK ODASI TAKIMI - Hayalo\u011flu Mobilya","isPartOf":{"@id":"https:\/\/hayaloglumobilya.com\/#website"},"primaryImageOfPage":{"@id":"https:\/\/hayaloglumobilya.com\/index.php\/urun\/palermo-yatak-odasi-takimi\/#primaryimage"},"image":{"@id":"https:\/\/hayaloglumobilya.com\/index.php\/urun\/palermo-yatak-odasi-takimi\/#primaryimage"},"thumbnailUrl":"https:\/\/hayaloglumobilya.com\/wp-content\/uploads\/2025\/09\/IMG-20250302-WA0052.jpg","datePublished":"2025-09-09T09:06:43+00:00","dateModified":"2025-09-09T09:07:31+00:00","breadcrumb":{"@id":"https:\/\/hayaloglumobilya.com\/index.php\/urun\/palermo-yatak-odasi-takimi\/#breadcrumb"},"inLanguage":"tr","potentialAction":[{"@type":"ReadAction","target":["https:\/\/hayaloglumobilya.com\/index.php\/urun\/palermo-yatak-odasi-takimi\/"]}]},{"@type":"ImageObject","inLanguage":"tr","@id":"https:\/\/hayaloglumobilya.com\/index.php\/urun\/palermo-yatak-odasi-takimi\/#primaryimage","url":"https:\/\/hayaloglumobilya.com\/wp-content\/uploads\/2025\/09\/IMG-20250302-WA0052.jpg","contentUrl":"https:\/\/hayaloglumobilya.com\/wp-content\/uploads\/2025\/09\/IMG-20250302-WA0052.jpg","width":1600,"height":1200},{"@type":"BreadcrumbList","@id":"https:\/\/hayaloglumobilya.com\/index.php\/urun\/palermo-yatak-odasi-takimi\/#breadcrumb","itemListElement":[{"@type":"ListItem","position":1,"name":"Anasayfa","item":"https:\/\/hayaloglumobilya.com\/"},{"@type":"ListItem","position":2,"name":"Shop","item":"https:\/\/hayaloglumobilya.com\/index.php\/shop\/"},{"@type":"ListItem","position":3,"name":"PALERMO YATAK ODASI TAKIMI"}]},{"@type":"WebSite","@id":"https:\/\/hayaloglumobilya.com\/#website","url":"https:\/\/hayaloglumobilya.com\/","name":"Hayalo\u011flu Mobilya","description":"","potentialAction":[{"@type":"SearchAction","target":{"@type":"EntryPoint","urlTemplate":"https:\/\/hayaloglumobilya.com\/?s={search_term_string}"},"query-input":{"@type":"PropertyValueSpecification","valueRequired":true,"valueName":"search_term_string"}}],"inLanguage":"tr"}]}},"_links":{"self":[{"href":"https:\/\/hayaloglumobilya.com\/index.php\/wp-json\/wp\/v2\/product\/19963","targetHints":{"allow":["GET"]}}],"collection":[{"href":"https:\/\/hayaloglumobilya.com\/index.php\/wp-json\/wp\/v2\/product"}],"about":[{"href":"https:\/\/hayaloglumobilya.com\/index.php\/wp-json\/wp\/v2\/types\/product"}],"replies":[{"embeddable":true,"href":"https:\/\/hayaloglumobilya.com\/index.php\/wp-json\/wp\/v2\/comments?post=19963"}],"version-history":[{"count":2,"href":"https:\/\/hayaloglumobilya.com\/index.php\/wp-json\/wp\/v2\/product\/19963\/revisions"}],"predecessor-version":[{"id":19984,"href":"https:\/\/hayaloglumobilya.com\/index.php\/wp-json\/wp\/v2\/product\/19963\/revisions\/19984"}],"wp:featuredmedia":[{"embeddable":true,"href":"https:\/\/hayaloglumobilya.com\/index.php\/wp-json\/wp\/v2\/media\/19964"}],"wp:attachment":[{"href":"https:\/\/hayaloglumobilya.com\/index.php\/wp-json\/wp\/v2\/media?parent=19963"}],"wp:term":[{"taxonomy":"product_brand","embeddable":true,"href":"https:\/\/hayaloglumobilya.com\/index.php\/wp-json\/wp\/v2\/product_brand?post=19963"},{"taxonomy":"product_cat","embeddable":true,"href":"https:\/\/hayaloglumobilya.com\/index.php\/wp-json\/wp\/v2\/product_cat?post=19963"},{"taxonomy":"product_tag","embeddable":true,"href":"https:\/\/hayaloglumobilya.com\/index.php\/wp-json\/wp\/v2\/product_tag?post=19963"}],"curies":[{"name":"wp","href":"https:\/\/api.w.org\/{rel}","templated":true}]}}