{"id":21560,"date":"2026-04-07T13:41:36","date_gmt":"2026-04-07T10:41:36","guid":{"rendered":"https:\/\/hayaloglumobilya.com\/?post_type=product&#038;p=21560"},"modified":"2026-04-07T13:41:36","modified_gmt":"2026-04-07T10:41:36","slug":"elit-kose-koltuk-takimi","status":"publish","type":"product","link":"https:\/\/hayaloglumobilya.com\/index.php\/urun\/elit-kose-koltuk-takimi\/","title":{"rendered":"EL\u0130T K\u00d6\u015eE KOLTUK TAKIMI"},"content":{"rendered":"<div class=\"elementor-element elementor-element-6b14eb8 elementor-widget elementor-widget-wd_text_block\" data-id=\"6b14eb8\" data-element_type=\"widget\" data-widget_type=\"wd_text_block.default\">\n<div class=\"elementor-widget-container\">\n<div class=\"wd-text-block reset-last-child text-left\">\n<p>\u00dcr\u00fcn \u00d6zellikleri<\/p>\n<\/div>\n<\/div>\n<\/div>\n<div class=\"elementor-element elementor-element-334e79f elementor-widget elementor-widget-wd_text_block\" data-id=\"334e79f\" data-element_type=\"widget\" data-widget_type=\"wd_text_block.default\">\n<div class=\"elementor-widget-container\">\n<div class=\"wd-text-block reset-last-child text-left\">\n<ul>\n<li>EL\u0130T K\u00d6\u015eE KOLTUK TAKIMI<\/li>\n<li>2 YIL \u00dcRET\u0130C\u0130 GARANT\u0130L\u0130<\/li>\n<li>\u00d6ZEL \u00d6L\u00c7\u00dc \u00dcRET\u0130LEB\u0130L\u0130R<\/li>\n<li>KOLAY S\u0130L\u0130NEB\u0130L\u0130R \u0130THAL KUMA\u015e KULLANILMI\u015eTIR<\/li>\n<li>\u00dcCRETS\u0130Z RENK DE\u011e\u0130\u015e\u0130M\u0130 YAPAB\u0130L\u0130RS\u0130N\u0130Z<\/li>\n<li>AYAK RENKLER\u0130 DE\u011e\u0130\u015eEB\u0130L\u0130R<\/li>\n<li>KUMA\u015e RENKLER\u0130 \u0130\u00c7\u0130N B\u0130ZE ULA\u015eAB\u0130L\u0130RS\u0130N\u0130Z<\/li>\n<li>\u00dcR\u00dcN\u00dcN M\u00dc\u015eTER\u0130 EV\u0130 G\u00d6RSELLER\u0130NE WHATSAPP HATTIMIZDAN ULA\u015eAB\u0130L\u0130RS\u0130N\u0130Z<\/li>\n<\/ul>\n<\/div>\n<\/div>\n<\/div>\n","protected":false},"excerpt":{"rendered":"<table class=\"table table-bordered\">\n<tbody>\n<tr>\n<td><b>TEKN\u0130K \u00d6ZELL\u0130KLER<\/b><\/td>\n<\/tr>\n<\/tbody>\n<\/table>\n<table class=\"table table-bordered\">\n<tbody>\n<tr>\n<td><strong>TAKIM \u0130\u00c7ER\u0130\u011e\u0130<\/strong><\/td>\n<td>\u0130ki par\u00e7adan olu\u015fmaktad\u0131r.<\/td>\n<\/tr>\n<tr>\n<td><strong>\u0130SKELET MALZEMES\u0130<\/strong><\/td>\n<td>Birinci kalite f\u0131r\u0131nlanm\u0131\u015f g\u00fcrgen iskelettir.<\/td>\n<\/tr>\n<tr>\n<td><strong>S\u00dcNGER B\u0130LG\u0130S\u0130<\/strong><\/td>\n<td>30 dns s\u00fcnger kullan\u0131lm\u0131\u015ft\u0131r.<\/td>\n<\/tr>\n<tr>\n<td><strong>KUMA\u015e \u00d6ZELL\u0130\u011e\u0130<\/strong><\/td>\n<td>Kolay silinebilir kuma\u015f kullan\u0131lm\u0131\u015ft\u0131r.<\/td>\n<\/tr>\n<tr>\n<td><strong>RENK SE\u00c7\u0130M\u0130<\/strong><\/td>\n<td>Diledi\u011finiz rengi \u00fccretsiz se\u00e7ebilirsiniz.<\/td>\n<\/tr>\n<tr>\n<td><strong>AYAK \u00d6ZELL\u0130\u011e\u0130<\/strong><\/td>\n<td>Ah\u015fap ayak kullan\u0131lm\u0131\u015ft\u0131r.<\/td>\n<\/tr>\n<tr>\n<td><strong>FONKS\u0130YON \u00d6ZELL\u0130\u011e\u0130<\/strong><\/td>\n<td>S\u0131rt\u0131 a\u00e7\u0131larak yatak olabilir.<\/td>\n<\/tr>\n<tr>\n<td><strong>\u00d6ZEL \u00dcRET\u0130M<\/strong><\/td>\n<td>\u00d6zel \u00fcretim i\u00e7in bize ula\u015fabilirsiniz.<\/td>\n<\/tr>\n<tr>\n<td><strong>GARANT\u0130 S\u00dcRES\u0130<\/strong><\/td>\n<td>2 y\u0131l \u00fcretici garantilidir.<\/td>\n<\/tr>\n<\/tbody>\n<\/table>\n<table class=\"table table-bordered\">\n<tbody>\n<tr>\n<td><b>\u00d6L\u00c7\u00dc<\/b><\/td>\n<td><\/td>\n<td><\/td>\n<td><\/td>\n<\/tr>\n<tr>\n<td><strong>K\u00d6\u015eE KOLTUK<\/strong><\/td>\n<td><strong>\u00a0\u2013 cm<\/strong><\/td>\n<td><\/td>\n<td><\/td>\n<\/tr>\n<\/tbody>\n<\/table>\n<table class=\"table table-bordered\">\n<tbody>\n<tr>\n<td><b>NAKL\u0130YE VE TESL\u0130MAT B\u0130LG\u0130LER\u0130<\/b><\/td>\n<\/tr>\n<\/tbody>\n<\/table>\n<table class=\"table table-bordered\">\n<tbody>\n<tr>\n<td><b>NAKL\u0130YE \u00dcCRETLER\u0130<\/b><\/td>\n<td>Nakliye ve kurulum \u00fccretleri i\u00e7in ileti\u015fime ge\u00e7iniz.<\/td>\n<\/tr>\n<tr>\n<td><b>TESL\u0130MAT TAR\u0130H\u0130<\/b><\/td>\n<td>Sipari\u015f verildikten itibaren 25 g\u00fcnd\u00fcr.<\/td>\n<\/tr>\n<\/tbody>\n<\/table>\n","protected":false},"featured_media":21566,"comment_status":"open","ping_status":"closed","template":"","meta":[],"product_brand":[],"product_cat":[80],"product_tag":[],"class_list":{"0":"post-21560","1":"product","2":"type-product","3":"status-publish","4":"has-post-thumbnail","6":"product_cat-kose-koltuk","8":"first","9":"instock","10":"shipping-taxable","11":"purchasable","12":"product-type-simple"},"yoast_head":"<!-- This site is optimized with the Yoast SEO plugin v25.0 - https:\/\/yoast.com\/wordpress\/plugins\/seo\/ -->\n<title>EL\u0130T K\u00d6\u015eE KOLTUK TAKIMI - Hayalo\u011flu Mobilya<\/title>\n<meta name=\"robots\" content=\"index, follow, max-snippet:-1, max-image-preview:large, max-video-preview:-1\" \/>\n<link rel=\"canonical\" href=\"https:\/\/hayaloglumobilya.com\/index.php\/urun\/elit-kose-koltuk-takimi\/\" \/>\n<meta property=\"og:locale\" content=\"tr_TR\" \/>\n<meta property=\"og:type\" content=\"article\" \/>\n<meta property=\"og:title\" content=\"EL\u0130T K\u00d6\u015eE KOLTUK TAKIMI - Hayalo\u011flu Mobilya\" \/>\n<meta property=\"og:description\" content=\"TEKN\u0130K \u00d6ZELL\u0130KLER       TAKIM \u0130\u00c7ER\u0130\u011e\u0130 \u0130ki par\u00e7adan olu\u015fmaktad\u0131r.   \u0130SKELET MALZEMES\u0130 Birinci kalite f\u0131r\u0131nlanm\u0131\u015f g\u00fcrgen iskelettir.   S\u00dcNGER B\u0130LG\u0130S\u0130 30 dns s\u00fcnger kullan\u0131lm\u0131\u015ft\u0131r.   KUMA\u015e \u00d6ZELL\u0130\u011e\u0130 Kolay silinebilir kuma\u015f kullan\u0131lm\u0131\u015ft\u0131r.   RENK SE\u00c7\u0130M\u0130 Diledi\u011finiz rengi \u00fccretsiz se\u00e7ebilirsiniz.   AYAK \u00d6ZELL\u0130\u011e\u0130 Ah\u015fap ayak kullan\u0131lm\u0131\u015ft\u0131r.   FONKS\u0130YON \u00d6ZELL\u0130\u011e\u0130 S\u0131rt\u0131 a\u00e7\u0131larak yatak olabilir.   \u00d6ZEL \u00dcRET\u0130M \u00d6zel \u00fcretim i\u00e7in bize ula\u015fabilirsiniz.   GARANT\u0130 S\u00dcRES\u0130 2 y\u0131l \u00fcretici garantilidir.       \u00d6L\u00c7\u00dc      K\u00d6\u015eE KOLTUK \u00a0\u2013 cm         NAKL\u0130YE VE TESL\u0130MAT B\u0130LG\u0130LER\u0130       NAKL\u0130YE \u00dcCRETLER\u0130 Nakliye ve kurulum \u00fccretleri i\u00e7in ileti\u015fime ge\u00e7iniz.   TESL\u0130MAT TAR\u0130H\u0130 Sipari\u015f verildikten itibaren 25 g\u00fcnd\u00fcr.\" \/>\n<meta property=\"og:url\" content=\"https:\/\/hayaloglumobilya.com\/index.php\/urun\/elit-kose-koltuk-takimi\/\" \/>\n<meta property=\"og:site_name\" content=\"Hayalo\u011flu Mobilya\" \/>\n<meta property=\"og:image\" content=\"https:\/\/hayaloglumobilya.com\/wp-content\/uploads\/2026\/04\/WhatsApp-Image-2026-01-06-at-11.44.16.jpeg\" \/>\n\t<meta property=\"og:image:width\" content=\"1600\" \/>\n\t<meta property=\"og:image:height\" content=\"1122\" \/>\n\t<meta property=\"og:image:type\" content=\"image\/jpeg\" \/>\n<meta name=\"twitter:card\" content=\"summary_large_image\" \/>\n<meta name=\"twitter:label1\" content=\"Tahmini okuma s\u00fcresi\" \/>\n\t<meta name=\"twitter:data1\" content=\"1 dakika\" \/>\n<script type=\"application\/ld+json\" class=\"yoast-schema-graph\">{\"@context\":\"https:\/\/schema.org\",\"@graph\":[{\"@type\":\"WebPage\",\"@id\":\"https:\/\/hayaloglumobilya.com\/index.php\/urun\/elit-kose-koltuk-takimi\/\",\"url\":\"https:\/\/hayaloglumobilya.com\/index.php\/urun\/elit-kose-koltuk-takimi\/\",\"name\":\"EL\u0130T K\u00d6\u015eE KOLTUK TAKIMI - Hayalo\u011flu Mobilya\",\"isPartOf\":{\"@id\":\"https:\/\/hayaloglumobilya.com\/#website\"},\"primaryImageOfPage\":{\"@id\":\"https:\/\/hayaloglumobilya.com\/index.php\/urun\/elit-kose-koltuk-takimi\/#primaryimage\"},\"image\":{\"@id\":\"https:\/\/hayaloglumobilya.com\/index.php\/urun\/elit-kose-koltuk-takimi\/#primaryimage\"},\"thumbnailUrl\":\"https:\/\/hayaloglumobilya.com\/wp-content\/uploads\/2026\/04\/WhatsApp-Image-2026-01-06-at-11.44.16.jpeg\",\"datePublished\":\"2026-04-07T10:41:36+00:00\",\"breadcrumb\":{\"@id\":\"https:\/\/hayaloglumobilya.com\/index.php\/urun\/elit-kose-koltuk-takimi\/#breadcrumb\"},\"inLanguage\":\"tr\",\"potentialAction\":[{\"@type\":\"ReadAction\",\"target\":[\"https:\/\/hayaloglumobilya.com\/index.php\/urun\/elit-kose-koltuk-takimi\/\"]}]},{\"@type\":\"ImageObject\",\"inLanguage\":\"tr\",\"@id\":\"https:\/\/hayaloglumobilya.com\/index.php\/urun\/elit-kose-koltuk-takimi\/#primaryimage\",\"url\":\"https:\/\/hayaloglumobilya.com\/wp-content\/uploads\/2026\/04\/WhatsApp-Image-2026-01-06-at-11.44.16.jpeg\",\"contentUrl\":\"https:\/\/hayaloglumobilya.com\/wp-content\/uploads\/2026\/04\/WhatsApp-Image-2026-01-06-at-11.44.16.jpeg\",\"width\":1600,\"height\":1122},{\"@type\":\"BreadcrumbList\",\"@id\":\"https:\/\/hayaloglumobilya.com\/index.php\/urun\/elit-kose-koltuk-takimi\/#breadcrumb\",\"itemListElement\":[{\"@type\":\"ListItem\",\"position\":1,\"name\":\"Anasayfa\",\"item\":\"https:\/\/hayaloglumobilya.com\/\"},{\"@type\":\"ListItem\",\"position\":2,\"name\":\"Shop\",\"item\":\"https:\/\/hayaloglumobilya.com\/index.php\/shop\/\"},{\"@type\":\"ListItem\",\"position\":3,\"name\":\"EL\u0130T K\u00d6\u015eE KOLTUK TAKIMI\"}]},{\"@type\":\"WebSite\",\"@id\":\"https:\/\/hayaloglumobilya.com\/#website\",\"url\":\"https:\/\/hayaloglumobilya.com\/\",\"name\":\"Hayalo\u011flu Mobilya\",\"description\":\"\",\"potentialAction\":[{\"@type\":\"SearchAction\",\"target\":{\"@type\":\"EntryPoint\",\"urlTemplate\":\"https:\/\/hayaloglumobilya.com\/?s={search_term_string}\"},\"query-input\":{\"@type\":\"PropertyValueSpecification\",\"valueRequired\":true,\"valueName\":\"search_term_string\"}}],\"inLanguage\":\"tr\"}]}<\/script>\n<!-- \/ Yoast SEO plugin. -->","yoast_head_json":{"title":"EL\u0130T K\u00d6\u015eE KOLTUK TAKIMI - Hayalo\u011flu Mobilya","robots":{"index":"index","follow":"follow","max-snippet":"max-snippet:-1","max-image-preview":"max-image-preview:large","max-video-preview":"max-video-preview:-1"},"canonical":"https:\/\/hayaloglumobilya.com\/index.php\/urun\/elit-kose-koltuk-takimi\/","og_locale":"tr_TR","og_type":"article","og_title":"EL\u0130T K\u00d6\u015eE KOLTUK TAKIMI - Hayalo\u011flu Mobilya","og_description":"TEKN\u0130K \u00d6ZELL\u0130KLER       TAKIM \u0130\u00c7ER\u0130\u011e\u0130 \u0130ki par\u00e7adan olu\u015fmaktad\u0131r.   \u0130SKELET MALZEMES\u0130 Birinci kalite f\u0131r\u0131nlanm\u0131\u015f g\u00fcrgen iskelettir.   S\u00dcNGER B\u0130LG\u0130S\u0130 30 dns s\u00fcnger kullan\u0131lm\u0131\u015ft\u0131r.   KUMA\u015e \u00d6ZELL\u0130\u011e\u0130 Kolay silinebilir kuma\u015f kullan\u0131lm\u0131\u015ft\u0131r.   RENK SE\u00c7\u0130M\u0130 Diledi\u011finiz rengi \u00fccretsiz se\u00e7ebilirsiniz.   AYAK \u00d6ZELL\u0130\u011e\u0130 Ah\u015fap ayak kullan\u0131lm\u0131\u015ft\u0131r.   FONKS\u0130YON \u00d6ZELL\u0130\u011e\u0130 S\u0131rt\u0131 a\u00e7\u0131larak yatak olabilir.   \u00d6ZEL \u00dcRET\u0130M \u00d6zel \u00fcretim i\u00e7in bize ula\u015fabilirsiniz.   GARANT\u0130 S\u00dcRES\u0130 2 y\u0131l \u00fcretici garantilidir.       \u00d6L\u00c7\u00dc      K\u00d6\u015eE KOLTUK \u00a0\u2013 cm         NAKL\u0130YE VE TESL\u0130MAT B\u0130LG\u0130LER\u0130       NAKL\u0130YE \u00dcCRETLER\u0130 Nakliye ve kurulum \u00fccretleri i\u00e7in ileti\u015fime ge\u00e7iniz.   TESL\u0130MAT TAR\u0130H\u0130 Sipari\u015f verildikten itibaren 25 g\u00fcnd\u00fcr.","og_url":"https:\/\/hayaloglumobilya.com\/index.php\/urun\/elit-kose-koltuk-takimi\/","og_site_name":"Hayalo\u011flu Mobilya","og_image":[{"width":1600,"height":1122,"url":"https:\/\/hayaloglumobilya.com\/wp-content\/uploads\/2026\/04\/WhatsApp-Image-2026-01-06-at-11.44.16.jpeg","type":"image\/jpeg"}],"twitter_card":"summary_large_image","twitter_misc":{"Tahmini okuma s\u00fcresi":"1 dakika"},"schema":{"@context":"https:\/\/schema.org","@graph":[{"@type":"WebPage","@id":"https:\/\/hayaloglumobilya.com\/index.php\/urun\/elit-kose-koltuk-takimi\/","url":"https:\/\/hayaloglumobilya.com\/index.php\/urun\/elit-kose-koltuk-takimi\/","name":"EL\u0130T K\u00d6\u015eE KOLTUK TAKIMI - Hayalo\u011flu Mobilya","isPartOf":{"@id":"https:\/\/hayaloglumobilya.com\/#website"},"primaryImageOfPage":{"@id":"https:\/\/hayaloglumobilya.com\/index.php\/urun\/elit-kose-koltuk-takimi\/#primaryimage"},"image":{"@id":"https:\/\/hayaloglumobilya.com\/index.php\/urun\/elit-kose-koltuk-takimi\/#primaryimage"},"thumbnailUrl":"https:\/\/hayaloglumobilya.com\/wp-content\/uploads\/2026\/04\/WhatsApp-Image-2026-01-06-at-11.44.16.jpeg","datePublished":"2026-04-07T10:41:36+00:00","breadcrumb":{"@id":"https:\/\/hayaloglumobilya.com\/index.php\/urun\/elit-kose-koltuk-takimi\/#breadcrumb"},"inLanguage":"tr","potentialAction":[{"@type":"ReadAction","target":["https:\/\/hayaloglumobilya.com\/index.php\/urun\/elit-kose-koltuk-takimi\/"]}]},{"@type":"ImageObject","inLanguage":"tr","@id":"https:\/\/hayaloglumobilya.com\/index.php\/urun\/elit-kose-koltuk-takimi\/#primaryimage","url":"https:\/\/hayaloglumobilya.com\/wp-content\/uploads\/2026\/04\/WhatsApp-Image-2026-01-06-at-11.44.16.jpeg","contentUrl":"https:\/\/hayaloglumobilya.com\/wp-content\/uploads\/2026\/04\/WhatsApp-Image-2026-01-06-at-11.44.16.jpeg","width":1600,"height":1122},{"@type":"BreadcrumbList","@id":"https:\/\/hayaloglumobilya.com\/index.php\/urun\/elit-kose-koltuk-takimi\/#breadcrumb","itemListElement":[{"@type":"ListItem","position":1,"name":"Anasayfa","item":"https:\/\/hayaloglumobilya.com\/"},{"@type":"ListItem","position":2,"name":"Shop","item":"https:\/\/hayaloglumobilya.com\/index.php\/shop\/"},{"@type":"ListItem","position":3,"name":"EL\u0130T K\u00d6\u015eE KOLTUK TAKIMI"}]},{"@type":"WebSite","@id":"https:\/\/hayaloglumobilya.com\/#website","url":"https:\/\/hayaloglumobilya.com\/","name":"Hayalo\u011flu Mobilya","description":"","potentialAction":[{"@type":"SearchAction","target":{"@type":"EntryPoint","urlTemplate":"https:\/\/hayaloglumobilya.com\/?s={search_term_string}"},"query-input":{"@type":"PropertyValueSpecification","valueRequired":true,"valueName":"search_term_string"}}],"inLanguage":"tr"}]}},"_links":{"self":[{"href":"https:\/\/hayaloglumobilya.com\/index.php\/wp-json\/wp\/v2\/product\/21560","targetHints":{"allow":["GET"]}}],"collection":[{"href":"https:\/\/hayaloglumobilya.com\/index.php\/wp-json\/wp\/v2\/product"}],"about":[{"href":"https:\/\/hayaloglumobilya.com\/index.php\/wp-json\/wp\/v2\/types\/product"}],"replies":[{"embeddable":true,"href":"https:\/\/hayaloglumobilya.com\/index.php\/wp-json\/wp\/v2\/comments?post=21560"}],"version-history":[{"count":1,"href":"https:\/\/hayaloglumobilya.com\/index.php\/wp-json\/wp\/v2\/product\/21560\/revisions"}],"predecessor-version":[{"id":21573,"href":"https:\/\/hayaloglumobilya.com\/index.php\/wp-json\/wp\/v2\/product\/21560\/revisions\/21573"}],"wp:featuredmedia":[{"embeddable":true,"href":"https:\/\/hayaloglumobilya.com\/index.php\/wp-json\/wp\/v2\/media\/21566"}],"wp:attachment":[{"href":"https:\/\/hayaloglumobilya.com\/index.php\/wp-json\/wp\/v2\/media?parent=21560"}],"wp:term":[{"taxonomy":"product_brand","embeddable":true,"href":"https:\/\/hayaloglumobilya.com\/index.php\/wp-json\/wp\/v2\/product_brand?post=21560"},{"taxonomy":"product_cat","embeddable":true,"href":"https:\/\/hayaloglumobilya.com\/index.php\/wp-json\/wp\/v2\/product_cat?post=21560"},{"taxonomy":"product_tag","embeddable":true,"href":"https:\/\/hayaloglumobilya.com\/index.php\/wp-json\/wp\/v2\/product_tag?post=21560"}],"curies":[{"name":"wp","href":"https:\/\/api.w.org\/{rel}","templated":true}]}}